{"id":6976,"date":"2023-05-03T17:55:00","date_gmt":"2023-05-03T15:55:00","guid":{"rendered":"https:\/\/www.micole.net\/blog\/?post_type=product&#038;p=6976"},"modified":"2026-02-16T16:01:51","modified_gmt":"2026-02-16T15:01:51","slug":"curso-gestion-crisis-familias-marca-docente","status":"publish","type":"product","link":"https:\/\/www.micole.net\/blog\/producto\/curso-gestion-crisis-familias-marca-docente\/","title":{"rendered":"Formaci\u00f3n: \u00abGesti\u00f3n de crisis, trato con familias y marca docente: la nueva competencia clave\u00bb"},"content":{"rendered":"<div id=\"1683207248.560709\" class=\"c-virtual_list__item\" tabindex=\"-1\" role=\"listitem\" aria-setsize=\"-1\" data-qa=\"virtual-list-item\" data-item-key=\"1683207248.560709\">\n<div class=\"c-message_kit__background c-message_kit__background--hovered p-message_pane_message__message c-message_kit__message\" role=\"presentation\" data-qa=\"message_container\" data-qa-unprocessed=\"false\" data-qa-placeholder=\"false\">\n<div class=\"c-message_kit__hover c-message_kit__hover--hovered\" role=\"document\" aria-roledescription=\"message\" data-qa-hover=\"true\">\n<div class=\"c-message_kit__actions c-message_kit__actions--above\">\n<div class=\"c-message_kit__gutter\">\n<div class=\"c-message_kit__gutter__right\" role=\"presentation\" data-qa=\"message_content\">\n<div class=\"c-message_kit__blocks c-message_kit__blocks--rich_text\">\n<div class=\"c-message__message_blocks c-message__message_blocks--rich_text\" data-qa=\"message-text\">\n<div class=\"p-block_kit_renderer\" data-qa=\"block-kit-renderer\">\n<div class=\"p-block_kit_renderer__block_wrapper p-block_kit_renderer__block_wrapper--first\">\n<div class=\"p-rich_text_block\" dir=\"auto\">\n<div class=\"p-rich_text_section\">\n<p><strong>\u00bfC\u00f3mo es el curso?<\/strong><\/p>\n<ul>\n<li style=\"list-style-type: none;\">\n<ul>\n<li>Duraci\u00f3n: 40 horas<\/li>\n<li>Modalidad: online<\/li>\n<li>Se entregar\u00e1 un reconocimiento como Experto en Gesti\u00f3n de crisis, trato con familias y marca docente.<\/li>\n<\/ul>\n<\/li>\n<\/ul>\n<p><strong>\u00bfCu\u00e1l es el contenido?<\/strong><\/p>\n<ul>\n<li style=\"list-style-type: none;\">\n<ul>\n<li style=\"font-weight: 400;\" aria-level=\"1\">Estrategias de comunicaci\u00f3n asertiva y emp\u00e1tica con familias en todas las etapas educativas.<\/li>\n<li style=\"font-weight: 400;\" aria-level=\"1\">M\u00e9todos para la <strong>gesti\u00f3n de conflictos y crisis<\/strong>\u00a0desde una perspectiva preventiva y reactiva.<\/li>\n<li style=\"font-weight: 400;\" aria-level=\"1\">Claves de <strong>branding docente<\/strong> y construcci\u00f3n de una marca escolar fuerte y coherente.<\/li>\n<li style=\"font-weight: 400;\" aria-level=\"1\">T\u00e9cnicas de portavoc\u00eda: hablar en p\u00fablico y ante medios con seguridad.<\/li>\n<li style=\"font-weight: 400;\" aria-level=\"1\">Uso efectivo de canales digitales (website, RR. SS., boletines, CRM) para fidelizar a la comunidad.<\/li>\n<li style=\"font-weight: 400;\" aria-level=\"1\">Protocolos internos que alinean a todo el equipo en el trato con las familias.<\/li>\n<li style=\"font-weight: 400;\" aria-level=\"1\">Talleres pr\u00e1cticos y feedback personalizado sobre situaciones reales de tu colegio.<\/li>\n<li style=\"font-weight: 400;\" aria-level=\"1\">Proyecto final: elaboraci\u00f3n de un <strong>Plan Integral de Comunicaci\u00f3n Escolar<\/strong> listo para implementar.<\/li>\n<\/ul>\n<\/li>\n<\/ul>\n<p><strong>Formaci\u00f3n bonificada<\/strong><\/p>\n<p>Este curso de gesti\u00f3n de crisis, trato con familias y marca docente se imparte a trav\u00e9s de plataforma e-learning y re\u00fane todos los requisitos necesarios para que sea 100% bonificable a trav\u00e9s de FUNDAE, con cargo al cr\u00e9dito del que dispone la empresa para la formaci\u00f3n de los trabajadores.<\/p>\n<p>Si necesitas que organicemos el curso para que sea bonificable no te olvides de indicarlo al realizar la reserva de plaza, al hacerlo se pondr\u00e1n en contacto desde la entidad organizadora, FUNDEL \u2013 Fundaci\u00f3n Europea Educaci\u00f3n y Libertad, para realizar toda la tramitaci\u00f3n con FUNDAE.<\/p>\n<\/div>\n<\/div>\n<\/div>\n<\/div>\n<\/div>\n<\/div>\n<\/div>\n<\/div>\n<\/div>\n<\/div>\n<\/div>\n<\/div>\n","protected":false},"excerpt":{"rendered":"<div id=\"1683207248.560709\" class=\"c-virtual_list__item\" tabindex=\"-1\" role=\"listitem\" aria-setsize=\"-1\" data-qa=\"virtual-list-item\" data-item-key=\"1683207248.560709\">\n<div class=\"c-message_kit__background c-message_kit__background--hovered p-message_pane_message__message c-message_kit__message\" role=\"presentation\" data-qa=\"message_container\" data-qa-unprocessed=\"false\" data-qa-placeholder=\"false\">\n<div class=\"c-message_kit__hover c-message_kit__hover--hovered\" role=\"document\" aria-roledescription=\"message\" data-qa-hover=\"true\">\n<div class=\"c-message_kit__actions c-message_kit__actions--above\">\n<div class=\"c-message_kit__gutter\">\n<div class=\"c-message_kit__gutter__right\" role=\"presentation\" data-qa=\"message_content\">\n<div class=\"c-message_kit__blocks c-message_kit__blocks--rich_text\">\n<div class=\"c-message__message_blocks c-message__message_blocks--rich_text\" data-qa=\"message-text\">\n<div class=\"p-block_kit_renderer\" data-qa=\"block-kit-renderer\">\n<div class=\"p-block_kit_renderer__block_wrapper p-block_kit_renderer__block_wrapper--first\">\n<div class=\"p-rich_text_block\" dir=\"auto\">\n<p><span style=\"color: #339966;\"><strong>RESERVA ABIERTA PARA EL SIGUIENTE GRUPO (2 marzo a 10 abril 2026)<\/strong><\/span><\/p>\n<h2>\u00abGesti\u00f3n de crisis, trato con familias y marca docente: la nueva competencia clave\u00bb<\/h2>\n<div><\/div>\n<div class=\"p-rich_text_section\">Despu\u00e9s de alcanzar m\u00e1s de <strong>5 millones de usuarios anuales y colaborar con m\u00e1s de 3000 centros educativos<\/strong> que conf\u00edan en Micole, lanzamos en colaboraci\u00f3n con <a href=\"https:\/\/roymo.es\/\" target=\"_blank\" rel=\"noopener\">Rommel &amp; Montgomery <\/a>esta formaci\u00f3n.<\/div>\n<div><\/div>\n<p>&nbsp;<\/p>\n<div class=\"p-rich_text_section\">\u00bfImaginas un colegio donde las conversaciones con las familias generan confianza, los conflictos se resuelven con agilidad y el profesorado se convierte en el mejor embajador de la instituci\u00f3n?<\/div>\n<p>En <strong>\u201cExperto en gesti\u00f3n de crisis, trato con familias y marca docente\u201d<\/strong> te guiamos paso a paso para llegar a ese escenario. Durante el programa aprender\u00e1s a construir relaciones s\u00f3lidas, anticiparte a las crisis y proyectar una marca educativa coherente y atractiva. Todo ello con clases online din\u00e1micas, casos reales y el acompa\u00f1amiento de consultores con amplia experiencia.<\/p>\n<p>Al finalizar, contar\u00e1s con un plan de comunicaci\u00f3n listo para aplicar en tu centro y un certificado emitido por Micole Academy que avala tus nuevas competencias sobre gesti\u00f3n de crisis, trato con familias y marca docente.<\/p>\n<p><!-- notionvc: aeb99caa-ae51-4378-88d3-8afe6a161ee4 --><\/p>\n<\/div>\n<\/div>\n<\/div>\n<\/div>\n<\/div>\n<\/div>\n<\/div>\n<\/div>\n<\/div>\n<\/div>\n<\/div>\n","protected":false},"featured_media":7181,"comment_status":"open","ping_status":"closed","template":"","meta":{"content-type":"","sfsi_plus_gutenberg_text_before_share":"","sfsi_plus_gutenberg_show_text_before_share":"","sfsi_plus_gutenberg_icon_type":"","sfsi_plus_gutenberg_icon_alignemt":"","sfsi_plus_gutenburg_max_per_row":"","site-sidebar-layout":"default","site-content-layout":"default","ast-site-content-layout":"default","site-content-style":"default","site-sidebar-style":"default","ast-global-header-display":"","ast-banner-title-visibility":"","ast-main-header-display":"","ast-hfb-above-header-display":"","ast-hfb-below-header-display":"","ast-hfb-mobile-header-display":"","site-post-title":"","ast-breadcrumbs-content":"","ast-featured-img":"","footer-sml-layout":"","theme-transparent-header-meta":"default","adv-header-id-meta":"","stick-header-meta":"","header-above-stick-meta":"","header-main-stick-meta":"","header-below-stick-meta":"","astra-migrate-meta-layouts":"set"},"product_brand":[],"product_cat":[139],"product_tag":[220],"class_list":{"0":"post-6976","1":"product","2":"type-product","3":"status-publish","4":"has-post-thumbnail","6":"product_cat-formacion","7":"product_tag-comunicacion","8":"desktop-align-left","9":"tablet-align-left","10":"mobile-align-left","12":"first","13":"instock","14":"virtual","15":"purchasable","16":"product-type-simple"},"yoast_head":"<!-- This site is optimized with the Yoast SEO plugin v26.9 - https:\/\/yoast.com\/product\/yoast-seo-wordpress\/ -->\n<title>Gesti\u00f3n de crisis, trato con familias y marca docente<\/title>\n<meta name=\"description\" content=\"Aprende sobre gesti\u00f3n de crisis, trato con familias y marca docente para proyectar una imagen s\u00f3lida. Curso online 100% bonificable por FUNDAE.\" \/>\n<meta name=\"robots\" content=\"index, follow, max-snippet:-1, max-image-preview:large, max-video-preview:-1\" \/>\n<link rel=\"canonical\" href=\"https:\/\/www.micole.net\/blog\/producto\/curso-gestion-crisis-familias-marca-docente\/\" \/>\n<meta property=\"og:locale\" content=\"es_ES\" \/>\n<meta property=\"og:type\" content=\"article\" \/>\n<meta property=\"og:title\" content=\"Gesti\u00f3n de crisis, trato con familias y marca docente\" \/>\n<meta property=\"og:description\" content=\"Aprende sobre gesti\u00f3n de crisis, trato con familias y marca docente para proyectar una imagen s\u00f3lida. Curso online 100% bonificable por FUNDAE.\" \/>\n<meta property=\"og:url\" content=\"https:\/\/www.micole.net\/blog\/producto\/curso-gestion-crisis-familias-marca-docente\/\" \/>\n<meta property=\"og:site_name\" content=\"Blog Micole\" \/>\n<meta property=\"article:publisher\" content=\"https:\/\/www.facebook.com\/micoleoficial\/\" \/>\n<meta property=\"article:modified_time\" content=\"2026-02-16T15:01:51+00:00\" \/>\n<meta property=\"og:image\" content=\"https:\/\/www.micole.net\/blog\/wp-content\/uploads\/2023\/05\/Roymo.png\" \/>\n\t<meta property=\"og:image:width\" content=\"1080\" \/>\n\t<meta property=\"og:image:height\" content=\"1080\" \/>\n\t<meta property=\"og:image:type\" content=\"image\/png\" \/>\n<meta name=\"twitter:card\" content=\"summary_large_image\" \/>\n<meta name=\"twitter:label1\" content=\"Tiempo de lectura\" \/>\n\t<meta name=\"twitter:data1\" content=\"2 minutos\" \/>\n<script type=\"application\/ld+json\" class=\"yoast-schema-graph\">{\"@context\":\"https:\/\/schema.org\",\"@graph\":[{\"@type\":\"WebPage\",\"@id\":\"https:\/\/www.micole.net\/blog\/producto\/curso-gestion-crisis-familias-marca-docente\/\",\"url\":\"https:\/\/www.micole.net\/blog\/producto\/curso-gestion-crisis-familias-marca-docente\/\",\"name\":\"Gesti\u00f3n de crisis, trato con familias y marca docente\",\"isPartOf\":{\"@id\":\"https:\/\/www.micole.net\/blog\/#website\"},\"primaryImageOfPage\":{\"@id\":\"https:\/\/www.micole.net\/blog\/producto\/curso-gestion-crisis-familias-marca-docente\/#primaryimage\"},\"image\":{\"@id\":\"https:\/\/www.micole.net\/blog\/producto\/curso-gestion-crisis-familias-marca-docente\/#primaryimage\"},\"thumbnailUrl\":\"https:\/\/www.micole.net\/blog\/wp-content\/uploads\/2023\/05\/Roymo.png\",\"datePublished\":\"2023-05-03T15:55:00+00:00\",\"dateModified\":\"2026-02-16T15:01:51+00:00\",\"description\":\"Aprende sobre gesti\u00f3n de crisis, trato con familias y marca docente para proyectar una imagen s\u00f3lida. Curso online 100% bonificable por FUNDAE.\",\"breadcrumb\":{\"@id\":\"https:\/\/www.micole.net\/blog\/producto\/curso-gestion-crisis-familias-marca-docente\/#breadcrumb\"},\"inLanguage\":\"es\",\"potentialAction\":[{\"@type\":\"ReadAction\",\"target\":[\"https:\/\/www.micole.net\/blog\/producto\/curso-gestion-crisis-familias-marca-docente\/\"]}]},{\"@type\":\"ImageObject\",\"inLanguage\":\"es\",\"@id\":\"https:\/\/www.micole.net\/blog\/producto\/curso-gestion-crisis-familias-marca-docente\/#primaryimage\",\"url\":\"https:\/\/www.micole.net\/blog\/wp-content\/uploads\/2023\/05\/Roymo.png\",\"contentUrl\":\"https:\/\/www.micole.net\/blog\/wp-content\/uploads\/2023\/05\/Roymo.png\",\"width\":1080,\"height\":1080},{\"@type\":\"BreadcrumbList\",\"@id\":\"https:\/\/www.micole.net\/blog\/producto\/curso-gestion-crisis-familias-marca-docente\/#breadcrumb\",\"itemListElement\":[{\"@type\":\"ListItem\",\"position\":1,\"name\":\"Portada\",\"item\":\"https:\/\/www.micole.net\/blog\/\"},{\"@type\":\"ListItem\",\"position\":2,\"name\":\"Tienda\",\"item\":\"https:\/\/www.micole.net\/blog\/tienda\/\"},{\"@type\":\"ListItem\",\"position\":3,\"name\":\"Formaci\u00f3n: &#8220;Gesti\u00f3n de crisis, trato con familias y marca docente: la nueva competencia clave&#8221;\"}]},{\"@type\":\"WebSite\",\"@id\":\"https:\/\/www.micole.net\/blog\/#website\",\"url\":\"https:\/\/www.micole.net\/blog\/\",\"name\":\"Blog Micole\",\"description\":\"En el Blog de Micole encontrar\u00e1s contenido y recursos relacionados con la educaci\u00f3n y la crianza de los hijos\",\"publisher\":{\"@id\":\"https:\/\/www.micole.net\/blog\/#organization\"},\"potentialAction\":[{\"@type\":\"SearchAction\",\"target\":{\"@type\":\"EntryPoint\",\"urlTemplate\":\"https:\/\/www.micole.net\/blog\/?s={search_term_string}\"},\"query-input\":{\"@type\":\"PropertyValueSpecification\",\"valueRequired\":true,\"valueName\":\"search_term_string\"}}],\"inLanguage\":\"es\"},{\"@type\":\"Organization\",\"@id\":\"https:\/\/www.micole.net\/blog\/#organization\",\"name\":\"Micole\",\"url\":\"https:\/\/www.micole.net\/blog\/\",\"logo\":{\"@type\":\"ImageObject\",\"inLanguage\":\"es\",\"@id\":\"https:\/\/www.micole.net\/blog\/#\/schema\/logo\/image\/\",\"url\":\"https:\/\/www.micole.net\/blog\/wp-content\/uploads\/2019\/12\/logo.png\",\"contentUrl\":\"https:\/\/www.micole.net\/blog\/wp-content\/uploads\/2019\/12\/logo.png\",\"width\":1200,\"height\":1200,\"caption\":\"Micole\"},\"image\":{\"@id\":\"https:\/\/www.micole.net\/blog\/#\/schema\/logo\/image\/\"},\"sameAs\":[\"https:\/\/www.facebook.com\/micoleoficial\/\",\"https:\/\/www.instagram.com\/micoleoficial\/\"]}]}<\/script>\n<!-- \/ Yoast SEO plugin. -->","yoast_head_json":{"title":"Gesti\u00f3n de crisis, trato con familias y marca docente","description":"Aprende sobre gesti\u00f3n de crisis, trato con familias y marca docente para proyectar una imagen s\u00f3lida. Curso online 100% bonificable por FUNDAE.","robots":{"index":"index","follow":"follow","max-snippet":"max-snippet:-1","max-image-preview":"max-image-preview:large","max-video-preview":"max-video-preview:-1"},"canonical":"https:\/\/www.micole.net\/blog\/producto\/curso-gestion-crisis-familias-marca-docente\/","og_locale":"es_ES","og_type":"article","og_title":"Gesti\u00f3n de crisis, trato con familias y marca docente","og_description":"Aprende sobre gesti\u00f3n de crisis, trato con familias y marca docente para proyectar una imagen s\u00f3lida. Curso online 100% bonificable por FUNDAE.","og_url":"https:\/\/www.micole.net\/blog\/producto\/curso-gestion-crisis-familias-marca-docente\/","og_site_name":"Blog Micole","article_publisher":"https:\/\/www.facebook.com\/micoleoficial\/","article_modified_time":"2026-02-16T15:01:51+00:00","og_image":[{"width":1080,"height":1080,"url":"https:\/\/www.micole.net\/blog\/wp-content\/uploads\/2023\/05\/Roymo.png","type":"image\/png"}],"twitter_card":"summary_large_image","twitter_misc":{"Tiempo de lectura":"2 minutos"},"schema":{"@context":"https:\/\/schema.org","@graph":[{"@type":"WebPage","@id":"https:\/\/www.micole.net\/blog\/producto\/curso-gestion-crisis-familias-marca-docente\/","url":"https:\/\/www.micole.net\/blog\/producto\/curso-gestion-crisis-familias-marca-docente\/","name":"Gesti\u00f3n de crisis, trato con familias y marca docente","isPartOf":{"@id":"https:\/\/www.micole.net\/blog\/#website"},"primaryImageOfPage":{"@id":"https:\/\/www.micole.net\/blog\/producto\/curso-gestion-crisis-familias-marca-docente\/#primaryimage"},"image":{"@id":"https:\/\/www.micole.net\/blog\/producto\/curso-gestion-crisis-familias-marca-docente\/#primaryimage"},"thumbnailUrl":"https:\/\/www.micole.net\/blog\/wp-content\/uploads\/2023\/05\/Roymo.png","datePublished":"2023-05-03T15:55:00+00:00","dateModified":"2026-02-16T15:01:51+00:00","description":"Aprende sobre gesti\u00f3n de crisis, trato con familias y marca docente para proyectar una imagen s\u00f3lida. Curso online 100% bonificable por FUNDAE.","breadcrumb":{"@id":"https:\/\/www.micole.net\/blog\/producto\/curso-gestion-crisis-familias-marca-docente\/#breadcrumb"},"inLanguage":"es","potentialAction":[{"@type":"ReadAction","target":["https:\/\/www.micole.net\/blog\/producto\/curso-gestion-crisis-familias-marca-docente\/"]}]},{"@type":"ImageObject","inLanguage":"es","@id":"https:\/\/www.micole.net\/blog\/producto\/curso-gestion-crisis-familias-marca-docente\/#primaryimage","url":"https:\/\/www.micole.net\/blog\/wp-content\/uploads\/2023\/05\/Roymo.png","contentUrl":"https:\/\/www.micole.net\/blog\/wp-content\/uploads\/2023\/05\/Roymo.png","width":1080,"height":1080},{"@type":"BreadcrumbList","@id":"https:\/\/www.micole.net\/blog\/producto\/curso-gestion-crisis-familias-marca-docente\/#breadcrumb","itemListElement":[{"@type":"ListItem","position":1,"name":"Portada","item":"https:\/\/www.micole.net\/blog\/"},{"@type":"ListItem","position":2,"name":"Tienda","item":"https:\/\/www.micole.net\/blog\/tienda\/"},{"@type":"ListItem","position":3,"name":"Formaci\u00f3n: &#8220;Gesti\u00f3n de crisis, trato con familias y marca docente: la nueva competencia clave&#8221;"}]},{"@type":"WebSite","@id":"https:\/\/www.micole.net\/blog\/#website","url":"https:\/\/www.micole.net\/blog\/","name":"Blog Micole","description":"En el Blog de Micole encontrar\u00e1s contenido y recursos relacionados con la educaci\u00f3n y la crianza de los hijos","publisher":{"@id":"https:\/\/www.micole.net\/blog\/#organization"},"potentialAction":[{"@type":"SearchAction","target":{"@type":"EntryPoint","urlTemplate":"https:\/\/www.micole.net\/blog\/?s={search_term_string}"},"query-input":{"@type":"PropertyValueSpecification","valueRequired":true,"valueName":"search_term_string"}}],"inLanguage":"es"},{"@type":"Organization","@id":"https:\/\/www.micole.net\/blog\/#organization","name":"Micole","url":"https:\/\/www.micole.net\/blog\/","logo":{"@type":"ImageObject","inLanguage":"es","@id":"https:\/\/www.micole.net\/blog\/#\/schema\/logo\/image\/","url":"https:\/\/www.micole.net\/blog\/wp-content\/uploads\/2019\/12\/logo.png","contentUrl":"https:\/\/www.micole.net\/blog\/wp-content\/uploads\/2019\/12\/logo.png","width":1200,"height":1200,"caption":"Micole"},"image":{"@id":"https:\/\/www.micole.net\/blog\/#\/schema\/logo\/image\/"},"sameAs":["https:\/\/www.facebook.com\/micoleoficial\/","https:\/\/www.instagram.com\/micoleoficial\/"]}]}},"_links":{"self":[{"href":"https:\/\/www.micole.net\/blog\/wp-json\/wp\/v2\/product\/6976","targetHints":{"allow":["GET"]}}],"collection":[{"href":"https:\/\/www.micole.net\/blog\/wp-json\/wp\/v2\/product"}],"about":[{"href":"https:\/\/www.micole.net\/blog\/wp-json\/wp\/v2\/types\/product"}],"replies":[{"embeddable":true,"href":"https:\/\/www.micole.net\/blog\/wp-json\/wp\/v2\/comments?post=6976"}],"wp:featuredmedia":[{"embeddable":true,"href":"https:\/\/www.micole.net\/blog\/wp-json\/wp\/v2\/media\/7181"}],"wp:attachment":[{"href":"https:\/\/www.micole.net\/blog\/wp-json\/wp\/v2\/media?parent=6976"}],"wp:term":[{"taxonomy":"product_brand","embeddable":true,"href":"https:\/\/www.micole.net\/blog\/wp-json\/wp\/v2\/product_brand?post=6976"},{"taxonomy":"product_cat","embeddable":true,"href":"https:\/\/www.micole.net\/blog\/wp-json\/wp\/v2\/product_cat?post=6976"},{"taxonomy":"product_tag","embeddable":true,"href":"https:\/\/www.micole.net\/blog\/wp-json\/wp\/v2\/product_tag?post=6976"}],"curies":[{"name":"wp","href":"https:\/\/api.w.org\/{rel}","templated":true}]}}