{"id":6690,"date":"2023-10-09T12:23:03","date_gmt":"2023-10-09T10:23:03","guid":{"rendered":"https:\/\/www.micole.net\/blog\/?post_type=product&#038;p=6690"},"modified":"2026-03-02T16:54:59","modified_gmt":"2026-03-02T15:54:59","slug":"formacion-experto-en-microsoft-education","status":"publish","type":"product","link":"https:\/\/www.micole.net\/blog\/producto\/formacion-experto-en-microsoft-education\/","title":{"rendered":"Formaci\u00f3n: \u00abExperto en Microsoft Education\u00bb"},"content":{"rendered":"<div id=\"1683207248.560709\" class=\"c-virtual_list__item\" tabindex=\"-1\" role=\"listitem\" aria-setsize=\"-1\" data-qa=\"virtual-list-item\" data-item-key=\"1683207248.560709\">\n<div class=\"c-message_kit__background c-message_kit__background--hovered p-message_pane_message__message c-message_kit__message\" role=\"presentation\" data-qa=\"message_container\" data-qa-unprocessed=\"false\" data-qa-placeholder=\"false\">\n<div class=\"c-message_kit__hover c-message_kit__hover--hovered\" role=\"document\" aria-roledescription=\"message\" data-qa-hover=\"true\">\n<div class=\"c-message_kit__actions c-message_kit__actions--above\">\n<div class=\"c-message_kit__gutter\">\n<div class=\"c-message_kit__gutter__right\" role=\"presentation\" data-qa=\"message_content\">\n<div class=\"c-message_kit__blocks c-message_kit__blocks--rich_text\">\n<div class=\"c-message__message_blocks c-message__message_blocks--rich_text\" data-qa=\"message-text\">\n<div class=\"p-block_kit_renderer\" data-qa=\"block-kit-renderer\">\n<div class=\"p-block_kit_renderer__block_wrapper p-block_kit_renderer__block_wrapper--first\">\n<div class=\"p-rich_text_block\" dir=\"auto\">\n<div class=\"p-rich_text_section\">\n<p><strong>\u00bfPor qu\u00e9 inscribirte?<\/strong><\/p>\n<ul>\n<li><strong>Crea Clases Din\u00e1micas y Transformadoras: <\/strong>Aprende a dise\u00f1ar situaciones de aprendizaje pr\u00e1cticas y atractivas que impulsen la participaci\u00f3n activa y el compromiso de tus estudiantes.<\/li>\n<li><strong>Convi\u00e9rtete en Experto en Herramientas Microsoft: <\/strong>Descubre el potencial de aplicaciones clave como Teams, OneNote y PowerPoint para optimizar la ense\u00f1anza y crear experiencias educativas memorables.<\/li>\n<li><strong>Promueve una Educaci\u00f3n \u00c9tica e Inclusiva: <\/strong>Aprende a utilizar la tecnolog\u00eda con un enfoque responsable, asegurando que todos los estudiantes se beneficien por igual y puedan desarrollar competencias digitales.<\/li>\n<li><strong>Conecta con L\u00edderes en Innovaci\u00f3n Educativa: <\/strong>Forma parte de una red exclusiva de docentes y expertos en tecnolog\u00eda educativa que comparten experiencias y estrategias para transformar la educaci\u00f3n.<\/li>\n<\/ul>\n<p><strong>\u00bfC\u00f3mo es el curso?<\/strong><\/p>\n<ul>\n<li>Duraci\u00f3n: 40 horas<\/li>\n<li>Modalidad: online, con sesiones de mentor\u00eda y casos pr\u00e1cticos<\/li>\n<li>Se entregar\u00e1 un reconocimiento como Experto en Microsoft Education<\/li>\n<\/ul>\n<p><strong>\u00bfCu\u00e1l es el contenido?<\/strong><\/p>\n<ol>\n<li><strong>Introducci\u00f3n a la Tecnolog\u00eda Educativa y Marcos de Integraci\u00f3n:<\/strong><\/li>\n<\/ol>\n<ul>\n<li style=\"list-style-type: none;\">\n<ul>\n<li>Historia de Microsoft en la Educaci\u00f3n: Evoluci\u00f3n de Microsoft como l\u00edder en soluciones tecnol\u00f3gicas para el aprendizaje, desde los primeros desarrollos hasta las herramientas m\u00e1s innovadoras del presente.<\/li>\n<li>Marcos de Integraci\u00f3n Tecnol\u00f3gica: Introducci\u00f3n a modelos clave como SAMR y TPACK para entender c\u00f3mo integrar la tecnolog\u00eda en el aula de manera efectiva y con prop\u00f3sito.<\/li>\n<li>Rol Transformador de la Tecnolog\u00eda: C\u00f3mo la tecnolog\u00eda puede mejorar el aprendizaje, fomentar la creatividad y preparar a los estudiantes para los desaf\u00edos del siglo XXI.<\/li>\n<\/ul>\n<\/li>\n<\/ul>\n<ol start=\"2\">\n<li><strong>Elementos Clave para Integrar Tecnolog\u00eda con Prop\u00f3sito:<\/strong><\/li>\n<\/ol>\n<ul>\n<li style=\"list-style-type: none;\">\n<ul>\n<li>Dise\u00f1o de experiencias educativas centradas en el estudiante.<\/li>\n<li>Estrategias para crear actividades din\u00e1micas, colaborativas y personalizadas.<\/li>\n<li>Uso pedag\u00f3gico de las herramientas Microsoft en diferentes contextos educativos.<\/li>\n<\/ul>\n<\/li>\n<\/ul>\n<ol start=\"3\">\n<li><strong>Herramientas Digitales Microsoft para el Aula:<\/strong><\/li>\n<\/ol>\n<ul>\n<li style=\"list-style-type: none;\">\n<ul>\n<li>Microsoft Teams como plataforma de gesti\u00f3n de clases y colaboraci\u00f3n.<\/li>\n<li>OneNote para la creaci\u00f3n de cuadernos interactivos y organizaci\u00f3n.<\/li>\n<li>Forms y PowerPoint como herramientas para evaluaci\u00f3n, dise\u00f1o y presentaci\u00f3n.<\/li>\n<\/ul>\n<\/li>\n<\/ul>\n<ol start=\"4\">\n<li><strong>Dise\u00f1o de Experiencias de Aprendizaje Significativas:<\/strong><\/li>\n<\/ol>\n<ul>\n<li style=\"list-style-type: none;\">\n<ul>\n<li>C\u00f3mo transformar un contenido curricular con tecnolog\u00eda.<\/li>\n<li>Planificaci\u00f3n de actividades utilizando plantillas y recursos predise\u00f1ados.<\/li>\n<li>Ejemplos pr\u00e1cticos: agendas, mapas conceptuales y proyectos colaborativos.<\/li>\n<\/ul>\n<\/li>\n<\/ul>\n<ol start=\"5\">\n<li><strong>Tecnolog\u00eda en Diferentes Contextos Educativos:<\/strong><\/li>\n<\/ol>\n<ul>\n<li style=\"list-style-type: none;\">\n<ul>\n<li>Aplicaci\u00f3n en clases presenciales, h\u00edbridas y online.<\/li>\n<li>Adaptaci\u00f3n a distintos niveles educativos y asignaturas.<\/li>\n<li>Promoci\u00f3n de la inclusi\u00f3n y accesibilidad con herramientas Microsoft.<\/li>\n<\/ul>\n<\/li>\n<\/ul>\n<ol start=\"6\">\n<li><strong>\u00c9tica y Uso Responsable de la Tecnolog\u00eda:<\/strong><\/li>\n<\/ol>\n<ul>\n<li style=\"list-style-type: none;\">\n<ul>\n<li>Gesti\u00f3n del equilibrio entre el uso de tecnolog\u00eda y la ense\u00f1anza tradicional.<\/li>\n<li>Fomentar la colaboraci\u00f3n y la reflexi\u00f3n cr\u00edtica en el aula.<\/li>\n<li>Dise\u00f1ar experiencias inclusivas que promuevan la igualdad de oportunidades.<\/li>\n<\/ul>\n<\/li>\n<\/ul>\n<ol start=\"7\">\n<li><strong>Casos Pr\u00e1cticos y Talleres en Vivo:<\/strong><\/li>\n<\/ol>\n<ul>\n<li style=\"list-style-type: none;\">\n<ul>\n<li>Dise\u00f1o de una actividad educativa desde cero con Microsoft.<\/li>\n<li>Simulaci\u00f3n de una clase interactiva utilizando Teams y OneNote.<\/li>\n<li>Soluci\u00f3n de desaf\u00edos y personalizaci\u00f3n de herramientas en tiempo real.<\/li>\n<\/ul>\n<\/li>\n<\/ul>\n<ol start=\"8\">\n<li><strong>Evaluaci\u00f3n y Seguimiento del Impacto Educativo:<\/strong><\/li>\n<\/ol>\n<ul>\n<li style=\"list-style-type: none;\">\n<ul>\n<li>M\u00e9todos para medir el impacto de la tecnolog\u00eda en el aprendizaje.<\/li>\n<li>Uso de m\u00e9tricas de progreso y retroalimentaci\u00f3n con Microsoft Tools.<\/li>\n<li>Ajustes y mejoras basados en el feedback de estudiantes y docentes.<\/li>\n<\/ul>\n<\/li>\n<\/ul>\n<ol start=\"9\">\n<li><strong>Inspiraci\u00f3n y Tendencias Futuras:<\/strong><\/li>\n<\/ol>\n<ul>\n<li style=\"list-style-type: none;\">\n<ul>\n<li>Inteligencia Artificial en herramientas Microsoft y su impacto en la educaci\u00f3n.<\/li>\n<li>Realidad mixta y aplicaciones de vanguardia para el aula.<\/li>\n<li>El futuro de la ense\u00f1anza digital con Microsoft.<\/li>\n<\/ul>\n<\/li>\n<\/ul>\n<\/div>\n<\/div>\n<div class=\"p-rich_text_block\" dir=\"auto\">\n<div class=\"p-rich_text_section\">\n<p><strong>Formaci\u00f3n bonificada<\/strong><\/p>\n<p>Este curso se imparte a trav\u00e9s de plataforma e-learning y re\u00fane todos los requisitos necesarios para que sea 100% bonificable a trav\u00e9s de FUNDAE, con cargo al cr\u00e9dito del que dispone la empresa para la formaci\u00f3n de los trabajadores.<\/p>\n<p>Si necesitas que organicemos el curso para que sea bonificable no te olvides de indicarlo al realizar la reserva de plaza, al hacerlo se pondr\u00e1n en contacto desde la entidad organizadora, FUNDEL \u2013 Fundaci\u00f3n Europea Educaci\u00f3n y Libertad, para realizar toda la tramitaci\u00f3n con FUNDAE.<\/p>\n<\/div>\n<\/div>\n<\/div>\n<\/div>\n<\/div>\n<\/div>\n<\/div>\n<\/div>\n<\/div>\n<\/div>\n<\/div>\n<\/div>\n","protected":false},"excerpt":{"rendered":"<div id=\"1683207248.560709\" class=\"c-virtual_list__item\" tabindex=\"-1\" role=\"listitem\" aria-setsize=\"-1\" data-qa=\"virtual-list-item\" data-item-key=\"1683207248.560709\">\n<div class=\"c-message_kit__background c-message_kit__background--hovered p-message_pane_message__message c-message_kit__message\" role=\"presentation\" data-qa=\"message_container\" data-qa-unprocessed=\"false\" data-qa-placeholder=\"false\">\n<div class=\"c-message_kit__hover c-message_kit__hover--hovered\" role=\"document\" aria-roledescription=\"message\" data-qa-hover=\"true\">\n<div class=\"c-message_kit__actions c-message_kit__actions--above\">\n<div class=\"c-message_kit__gutter\">\n<div class=\"c-message_kit__gutter__right\" role=\"presentation\" data-qa=\"message_content\">\n<div class=\"c-message_kit__blocks c-message_kit__blocks--rich_text\">\n<div class=\"c-message__message_blocks c-message__message_blocks--rich_text\" data-qa=\"message-text\">\n<div class=\"p-block_kit_renderer\" data-qa=\"block-kit-renderer\">\n<div class=\"p-block_kit_renderer__block_wrapper p-block_kit_renderer__block_wrapper--first\">\n<div class=\"p-rich_text_block\" dir=\"auto\">\n<p><span style=\"color: #339966;\"><strong>PLAZAS PARA GRUPOS DE +10 PARTICIPANTES<\/strong><\/span><\/p>\n<h2>\u00abExperto en Microsoft Education\u00bb<\/h2>\n<div><\/div>\n<div class=\"p-rich_text_section\">Despu\u00e9s de alcanzar m\u00e1s de <strong>5 millones de usuarios anuales y colaborar con m\u00e1s de 3000 centros educativos que conf\u00edan en Micole<\/strong>, lanzamos en colaboraci\u00f3n con los principales expertos en Gamificaci\u00f3n la formaci\u00f3n que todos nos han estado solicitando: <strong>\u00abMicrosoft Teaching Lab: Transformando el Aprendizaje con Tecnolog\u00eda y Prop\u00f3sito\u00bb<\/strong><\/div>\n<\/div>\n<\/div>\n<\/div>\n<\/div>\n<\/div>\n<\/div>\n<\/div>\n<\/div>\n<\/div>\n<\/div>\n<\/div>\n<div><\/div>\n<div id=\"1683207248.560709\" class=\"c-virtual_list__item\" tabindex=\"-1\" role=\"listitem\" aria-setsize=\"-1\" data-qa=\"virtual-list-item\" data-item-key=\"1683207248.560709\">\n<div class=\"c-message_kit__background c-message_kit__background--hovered p-message_pane_message__message c-message_kit__message\" role=\"presentation\" data-qa=\"message_container\" data-qa-unprocessed=\"false\" data-qa-placeholder=\"false\">\n<div class=\"c-message_kit__hover c-message_kit__hover--hovered\" role=\"document\" aria-roledescription=\"message\" data-qa-hover=\"true\">\n<div class=\"c-message_kit__actions c-message_kit__actions--above\">\n<div class=\"c-message_kit__gutter\">\n<div class=\"c-message_kit__gutter__right\" role=\"presentation\" data-qa=\"message_content\">\n<div class=\"c-message_kit__blocks c-message_kit__blocks--rich_text\">\n<div class=\"c-message__message_blocks c-message__message_blocks--rich_text\" data-qa=\"message-text\">\n<div class=\"p-block_kit_renderer\" data-qa=\"block-kit-renderer\">\n<div class=\"p-block_kit_renderer__block_wrapper p-block_kit_renderer__block_wrapper--first\">\n<div class=\"p-rich_text_block\" dir=\"auto\">\n<div class=\"p-rich_text_section\">Esta formaci\u00f3n ser\u00e1 \u00fanica en su tipo:<\/div>\n<\/div>\n<\/div>\n<\/div>\n<\/div>\n<\/div>\n<\/div>\n<\/div>\n<\/div>\n<\/div>\n<\/div>\n<\/div>\n<div><\/div>\n<div id=\"1683207248.560709\" class=\"c-virtual_list__item\" tabindex=\"-1\" role=\"listitem\" aria-setsize=\"-1\" data-qa=\"virtual-list-item\" data-item-key=\"1683207248.560709\">\n<div class=\"c-message_kit__background c-message_kit__background--hovered p-message_pane_message__message c-message_kit__message\" role=\"presentation\" data-qa=\"message_container\" data-qa-unprocessed=\"false\" data-qa-placeholder=\"false\">\n<div class=\"c-message_kit__hover c-message_kit__hover--hovered\" role=\"document\" aria-roledescription=\"message\" data-qa-hover=\"true\">\n<div class=\"c-message_kit__actions c-message_kit__actions--above\">\n<div class=\"c-message_kit__gutter\">\n<div class=\"c-message_kit__gutter__right\" role=\"presentation\" data-qa=\"message_content\">\n<div class=\"c-message_kit__blocks c-message_kit__blocks--rich_text\">\n<div class=\"c-message__message_blocks c-message__message_blocks--rich_text\" data-qa=\"message-text\">\n<div class=\"p-block_kit_renderer\" data-qa=\"block-kit-renderer\">\n<div class=\"p-block_kit_renderer__block_wrapper p-block_kit_renderer__block_wrapper--first\">\n<div class=\"p-rich_text_block\" dir=\"auto\">\n<div class=\"p-rich_text_section\">\u2022 <strong>Domina las Herramientas de Microsoft para Crear Situaciones de Aprendizaje Impactantes:<\/strong> Aprende a utilizar las principales aplicaciones y plataformas de Microsoft, como Teams, OneNote, Forms y PowerPoint, para dise\u00f1ar actividades din\u00e1micas que fomenten el aprendizaje activo y colaborativo.<\/div>\n<div><\/div>\n<div class=\"p-rich_text_section\">\u2022 <strong>Explora Casos de \u00c9xito en el Uso de Tecnolog\u00eda Educativa:<\/strong> Descubre c\u00f3mo otros colegios y docentes han integrado herramientas Microsoft para mejorar la experiencia educativa, optimizar el tiempo de ense\u00f1anza y potenciar las competencias digitales de sus estudiantes.<\/div>\n<div><\/div>\n<div class=\"p-rich_text_section\">\u2022\u00a0<strong>Conecta con Profesionales que Transforman la Educaci\u00f3n:<\/strong> Participa en una red de aprendizaje colaborativa con docentes y l\u00edderes educativos que comparten una visi\u00f3n com\u00fan: convertir la tecnolog\u00eda en un motor de aprendizaje significativo. Comparte proyectos, estrategias y buenas pr\u00e1cticas que impulsen el cambio en tu centro educativo.<\/div>\n<\/div>\n<\/div>\n<\/div>\n<\/div>\n<\/div>\n<\/div>\n<\/div>\n<\/div>\n<\/div>\n<\/div>\n<\/div>\n","protected":false},"featured_media":7182,"comment_status":"open","ping_status":"closed","template":"","meta":{"content-type":"","sfsi_plus_gutenberg_text_before_share":"","sfsi_plus_gutenberg_show_text_before_share":"","sfsi_plus_gutenberg_icon_type":"","sfsi_plus_gutenberg_icon_alignemt":"","sfsi_plus_gutenburg_max_per_row":"","site-sidebar-layout":"default","site-content-layout":"default","ast-site-content-layout":"default","site-content-style":"default","site-sidebar-style":"default","ast-global-header-display":"","ast-banner-title-visibility":"","ast-main-header-display":"","ast-hfb-above-header-display":"","ast-hfb-below-header-display":"","ast-hfb-mobile-header-display":"","site-post-title":"","ast-breadcrumbs-content":"","ast-featured-img":"","footer-sml-layout":"","theme-transparent-header-meta":"default","adv-header-id-meta":"","stick-header-meta":"","header-above-stick-meta":"","header-main-stick-meta":"","header-below-stick-meta":"","astra-migrate-meta-layouts":"set"},"product_brand":[],"product_cat":[139],"product_tag":[221],"class_list":{"0":"post-6690","1":"product","2":"type-product","3":"status-publish","4":"has-post-thumbnail","6":"product_cat-formacion","7":"product_tag-tecnologia","8":"desktop-align-left","9":"tablet-align-left","10":"mobile-align-left","12":"first","13":"instock","14":"virtual","15":"purchasable","16":"product-type-simple"},"yoast_head":"<!-- This site is optimized with the Yoast SEO plugin v26.9 - https:\/\/yoast.com\/product\/yoast-seo-wordpress\/ -->\n<title>Formaci\u00f3n: &quot;Experto en Microsoft Education&quot;<\/title>\n<meta name=\"description\" content=\"Experto en Microsoft Education. Curso de 40 horas en el que dominar\u00e1s las Herramientas de Microsoft para Crear Situaciones de Aprendizake Impactantes\" \/>\n<meta name=\"robots\" content=\"index, follow, max-snippet:-1, max-image-preview:large, max-video-preview:-1\" \/>\n<link rel=\"canonical\" href=\"https:\/\/www.micole.net\/blog\/producto\/formacion-experto-en-microsoft-education\/\" \/>\n<meta property=\"og:locale\" content=\"es_ES\" \/>\n<meta property=\"og:type\" content=\"article\" \/>\n<meta property=\"og:title\" content=\"Formaci\u00f3n: &quot;Experto en Microsoft Education&quot;\" \/>\n<meta property=\"og:description\" content=\"Experto en Microsoft Education. Curso de 40 horas en el que dominar\u00e1s las Herramientas de Microsoft para Crear Situaciones de Aprendizake Impactantes\" \/>\n<meta property=\"og:url\" content=\"https:\/\/www.micole.net\/blog\/producto\/formacion-experto-en-microsoft-education\/\" \/>\n<meta property=\"og:site_name\" content=\"Blog Micole\" \/>\n<meta property=\"article:publisher\" content=\"https:\/\/www.facebook.com\/micoleoficial\/\" \/>\n<meta property=\"article:modified_time\" content=\"2026-03-02T15:54:59+00:00\" \/>\n<meta property=\"og:image\" content=\"https:\/\/www.micole.net\/blog\/wp-content\/uploads\/2023\/10\/Formacion-Microsoft.png\" \/>\n\t<meta property=\"og:image:width\" content=\"1080\" \/>\n\t<meta property=\"og:image:height\" content=\"1080\" \/>\n\t<meta property=\"og:image:type\" content=\"image\/png\" \/>\n<meta name=\"twitter:card\" content=\"summary_large_image\" \/>\n<meta name=\"twitter:label1\" content=\"Tiempo de lectura\" \/>\n\t<meta name=\"twitter:data1\" content=\"3 minutos\" \/>\n<script type=\"application\/ld+json\" class=\"yoast-schema-graph\">{\"@context\":\"https:\/\/schema.org\",\"@graph\":[{\"@type\":\"WebPage\",\"@id\":\"https:\/\/www.micole.net\/blog\/producto\/formacion-experto-en-microsoft-education\/\",\"url\":\"https:\/\/www.micole.net\/blog\/producto\/formacion-experto-en-microsoft-education\/\",\"name\":\"Formaci\u00f3n: \\\"Experto en Microsoft Education\\\"\",\"isPartOf\":{\"@id\":\"https:\/\/www.micole.net\/blog\/#website\"},\"primaryImageOfPage\":{\"@id\":\"https:\/\/www.micole.net\/blog\/producto\/formacion-experto-en-microsoft-education\/#primaryimage\"},\"image\":{\"@id\":\"https:\/\/www.micole.net\/blog\/producto\/formacion-experto-en-microsoft-education\/#primaryimage\"},\"thumbnailUrl\":\"https:\/\/www.micole.net\/blog\/wp-content\/uploads\/2023\/10\/Formacion-Microsoft.png\",\"datePublished\":\"2023-10-09T10:23:03+00:00\",\"dateModified\":\"2026-03-02T15:54:59+00:00\",\"description\":\"Experto en Microsoft Education. Curso de 40 horas en el que dominar\u00e1s las Herramientas de Microsoft para Crear Situaciones de Aprendizake Impactantes\",\"breadcrumb\":{\"@id\":\"https:\/\/www.micole.net\/blog\/producto\/formacion-experto-en-microsoft-education\/#breadcrumb\"},\"inLanguage\":\"es\",\"potentialAction\":[{\"@type\":\"ReadAction\",\"target\":[\"https:\/\/www.micole.net\/blog\/producto\/formacion-experto-en-microsoft-education\/\"]}]},{\"@type\":\"ImageObject\",\"inLanguage\":\"es\",\"@id\":\"https:\/\/www.micole.net\/blog\/producto\/formacion-experto-en-microsoft-education\/#primaryimage\",\"url\":\"https:\/\/www.micole.net\/blog\/wp-content\/uploads\/2023\/10\/Formacion-Microsoft.png\",\"contentUrl\":\"https:\/\/www.micole.net\/blog\/wp-content\/uploads\/2023\/10\/Formacion-Microsoft.png\",\"width\":1080,\"height\":1080},{\"@type\":\"BreadcrumbList\",\"@id\":\"https:\/\/www.micole.net\/blog\/producto\/formacion-experto-en-microsoft-education\/#breadcrumb\",\"itemListElement\":[{\"@type\":\"ListItem\",\"position\":1,\"name\":\"Portada\",\"item\":\"https:\/\/www.micole.net\/blog\/\"},{\"@type\":\"ListItem\",\"position\":2,\"name\":\"Tienda\",\"item\":\"https:\/\/www.micole.net\/blog\/tienda\/\"},{\"@type\":\"ListItem\",\"position\":3,\"name\":\"Formaci\u00f3n: &#8220;Experto en Microsoft Education&#8221;\"}]},{\"@type\":\"WebSite\",\"@id\":\"https:\/\/www.micole.net\/blog\/#website\",\"url\":\"https:\/\/www.micole.net\/blog\/\",\"name\":\"Blog Micole\",\"description\":\"En el Blog de Micole encontrar\u00e1s contenido y recursos relacionados con la educaci\u00f3n y la crianza de los hijos\",\"publisher\":{\"@id\":\"https:\/\/www.micole.net\/blog\/#organization\"},\"potentialAction\":[{\"@type\":\"SearchAction\",\"target\":{\"@type\":\"EntryPoint\",\"urlTemplate\":\"https:\/\/www.micole.net\/blog\/?s={search_term_string}\"},\"query-input\":{\"@type\":\"PropertyValueSpecification\",\"valueRequired\":true,\"valueName\":\"search_term_string\"}}],\"inLanguage\":\"es\"},{\"@type\":\"Organization\",\"@id\":\"https:\/\/www.micole.net\/blog\/#organization\",\"name\":\"Micole\",\"url\":\"https:\/\/www.micole.net\/blog\/\",\"logo\":{\"@type\":\"ImageObject\",\"inLanguage\":\"es\",\"@id\":\"https:\/\/www.micole.net\/blog\/#\/schema\/logo\/image\/\",\"url\":\"https:\/\/www.micole.net\/blog\/wp-content\/uploads\/2019\/12\/logo.png\",\"contentUrl\":\"https:\/\/www.micole.net\/blog\/wp-content\/uploads\/2019\/12\/logo.png\",\"width\":1200,\"height\":1200,\"caption\":\"Micole\"},\"image\":{\"@id\":\"https:\/\/www.micole.net\/blog\/#\/schema\/logo\/image\/\"},\"sameAs\":[\"https:\/\/www.facebook.com\/micoleoficial\/\",\"https:\/\/www.instagram.com\/micoleoficial\/\"]}]}<\/script>\n<!-- \/ Yoast SEO plugin. -->","yoast_head_json":{"title":"Formaci\u00f3n: \"Experto en Microsoft Education\"","description":"Experto en Microsoft Education. Curso de 40 horas en el que dominar\u00e1s las Herramientas de Microsoft para Crear Situaciones de Aprendizake Impactantes","robots":{"index":"index","follow":"follow","max-snippet":"max-snippet:-1","max-image-preview":"max-image-preview:large","max-video-preview":"max-video-preview:-1"},"canonical":"https:\/\/www.micole.net\/blog\/producto\/formacion-experto-en-microsoft-education\/","og_locale":"es_ES","og_type":"article","og_title":"Formaci\u00f3n: \"Experto en Microsoft Education\"","og_description":"Experto en Microsoft Education. Curso de 40 horas en el que dominar\u00e1s las Herramientas de Microsoft para Crear Situaciones de Aprendizake Impactantes","og_url":"https:\/\/www.micole.net\/blog\/producto\/formacion-experto-en-microsoft-education\/","og_site_name":"Blog Micole","article_publisher":"https:\/\/www.facebook.com\/micoleoficial\/","article_modified_time":"2026-03-02T15:54:59+00:00","og_image":[{"width":1080,"height":1080,"url":"https:\/\/www.micole.net\/blog\/wp-content\/uploads\/2023\/10\/Formacion-Microsoft.png","type":"image\/png"}],"twitter_card":"summary_large_image","twitter_misc":{"Tiempo de lectura":"3 minutos"},"schema":{"@context":"https:\/\/schema.org","@graph":[{"@type":"WebPage","@id":"https:\/\/www.micole.net\/blog\/producto\/formacion-experto-en-microsoft-education\/","url":"https:\/\/www.micole.net\/blog\/producto\/formacion-experto-en-microsoft-education\/","name":"Formaci\u00f3n: \"Experto en Microsoft Education\"","isPartOf":{"@id":"https:\/\/www.micole.net\/blog\/#website"},"primaryImageOfPage":{"@id":"https:\/\/www.micole.net\/blog\/producto\/formacion-experto-en-microsoft-education\/#primaryimage"},"image":{"@id":"https:\/\/www.micole.net\/blog\/producto\/formacion-experto-en-microsoft-education\/#primaryimage"},"thumbnailUrl":"https:\/\/www.micole.net\/blog\/wp-content\/uploads\/2023\/10\/Formacion-Microsoft.png","datePublished":"2023-10-09T10:23:03+00:00","dateModified":"2026-03-02T15:54:59+00:00","description":"Experto en Microsoft Education. Curso de 40 horas en el que dominar\u00e1s las Herramientas de Microsoft para Crear Situaciones de Aprendizake Impactantes","breadcrumb":{"@id":"https:\/\/www.micole.net\/blog\/producto\/formacion-experto-en-microsoft-education\/#breadcrumb"},"inLanguage":"es","potentialAction":[{"@type":"ReadAction","target":["https:\/\/www.micole.net\/blog\/producto\/formacion-experto-en-microsoft-education\/"]}]},{"@type":"ImageObject","inLanguage":"es","@id":"https:\/\/www.micole.net\/blog\/producto\/formacion-experto-en-microsoft-education\/#primaryimage","url":"https:\/\/www.micole.net\/blog\/wp-content\/uploads\/2023\/10\/Formacion-Microsoft.png","contentUrl":"https:\/\/www.micole.net\/blog\/wp-content\/uploads\/2023\/10\/Formacion-Microsoft.png","width":1080,"height":1080},{"@type":"BreadcrumbList","@id":"https:\/\/www.micole.net\/blog\/producto\/formacion-experto-en-microsoft-education\/#breadcrumb","itemListElement":[{"@type":"ListItem","position":1,"name":"Portada","item":"https:\/\/www.micole.net\/blog\/"},{"@type":"ListItem","position":2,"name":"Tienda","item":"https:\/\/www.micole.net\/blog\/tienda\/"},{"@type":"ListItem","position":3,"name":"Formaci\u00f3n: &#8220;Experto en Microsoft Education&#8221;"}]},{"@type":"WebSite","@id":"https:\/\/www.micole.net\/blog\/#website","url":"https:\/\/www.micole.net\/blog\/","name":"Blog Micole","description":"En el Blog de Micole encontrar\u00e1s contenido y recursos relacionados con la educaci\u00f3n y la crianza de los hijos","publisher":{"@id":"https:\/\/www.micole.net\/blog\/#organization"},"potentialAction":[{"@type":"SearchAction","target":{"@type":"EntryPoint","urlTemplate":"https:\/\/www.micole.net\/blog\/?s={search_term_string}"},"query-input":{"@type":"PropertyValueSpecification","valueRequired":true,"valueName":"search_term_string"}}],"inLanguage":"es"},{"@type":"Organization","@id":"https:\/\/www.micole.net\/blog\/#organization","name":"Micole","url":"https:\/\/www.micole.net\/blog\/","logo":{"@type":"ImageObject","inLanguage":"es","@id":"https:\/\/www.micole.net\/blog\/#\/schema\/logo\/image\/","url":"https:\/\/www.micole.net\/blog\/wp-content\/uploads\/2019\/12\/logo.png","contentUrl":"https:\/\/www.micole.net\/blog\/wp-content\/uploads\/2019\/12\/logo.png","width":1200,"height":1200,"caption":"Micole"},"image":{"@id":"https:\/\/www.micole.net\/blog\/#\/schema\/logo\/image\/"},"sameAs":["https:\/\/www.facebook.com\/micoleoficial\/","https:\/\/www.instagram.com\/micoleoficial\/"]}]}},"_links":{"self":[{"href":"https:\/\/www.micole.net\/blog\/wp-json\/wp\/v2\/product\/6690","targetHints":{"allow":["GET"]}}],"collection":[{"href":"https:\/\/www.micole.net\/blog\/wp-json\/wp\/v2\/product"}],"about":[{"href":"https:\/\/www.micole.net\/blog\/wp-json\/wp\/v2\/types\/product"}],"replies":[{"embeddable":true,"href":"https:\/\/www.micole.net\/blog\/wp-json\/wp\/v2\/comments?post=6690"}],"wp:featuredmedia":[{"embeddable":true,"href":"https:\/\/www.micole.net\/blog\/wp-json\/wp\/v2\/media\/7182"}],"wp:attachment":[{"href":"https:\/\/www.micole.net\/blog\/wp-json\/wp\/v2\/media?parent=6690"}],"wp:term":[{"taxonomy":"product_brand","embeddable":true,"href":"https:\/\/www.micole.net\/blog\/wp-json\/wp\/v2\/product_brand?post=6690"},{"taxonomy":"product_cat","embeddable":true,"href":"https:\/\/www.micole.net\/blog\/wp-json\/wp\/v2\/product_cat?post=6690"},{"taxonomy":"product_tag","embeddable":true,"href":"https:\/\/www.micole.net\/blog\/wp-json\/wp\/v2\/product_tag?post=6690"}],"curies":[{"name":"wp","href":"https:\/\/api.w.org\/{rel}","templated":true}]}}