{"id":6445,"date":"2024-05-30T11:02:09","date_gmt":"2024-05-30T09:02:09","guid":{"rendered":"https:\/\/www.micole.net\/blog\/?post_type=product&#038;p=6445"},"modified":"2026-03-02T16:55:05","modified_gmt":"2026-03-02T15:55:05","slug":"formacion-experto-primeros-auxilios-docentes-colegios-pas","status":"publish","type":"product","link":"https:\/\/www.micole.net\/blog\/producto\/formacion-experto-primeros-auxilios-docentes-colegios-pas\/","title":{"rendered":"Formaci\u00f3n: \u00abExperto en Primeros Auxilios para docentes\u00bb"},"content":{"rendered":"<div id=\"1683207248.560709\" class=\"c-virtual_list__item\" tabindex=\"-1\" role=\"listitem\" aria-setsize=\"-1\" data-qa=\"virtual-list-item\" data-item-key=\"1683207248.560709\">\n<div class=\"c-message_kit__background c-message_kit__background--hovered p-message_pane_message__message c-message_kit__message\" role=\"presentation\" data-qa=\"message_container\" data-qa-unprocessed=\"false\" data-qa-placeholder=\"false\">\n<div class=\"c-message_kit__hover c-message_kit__hover--hovered\" role=\"document\" aria-roledescription=\"message\" data-qa-hover=\"true\">\n<div class=\"c-message_kit__actions c-message_kit__actions--above\">\n<div class=\"c-message_kit__gutter\">\n<div class=\"c-message_kit__gutter__right\" role=\"presentation\" data-qa=\"message_content\">\n<div class=\"c-message_kit__blocks c-message_kit__blocks--rich_text\">\n<div class=\"c-message__message_blocks c-message__message_blocks--rich_text\" data-qa=\"message-text\">\n<div class=\"p-block_kit_renderer\" data-qa=\"block-kit-renderer\">\n<div class=\"p-block_kit_renderer__block_wrapper p-block_kit_renderer__block_wrapper--first\">\n<div class=\"p-rich_text_block\" dir=\"auto\">\n<div class=\"p-rich_text_section\">\n<p><strong>\u00bfPor qu\u00e9 inscribirte?<\/strong><\/p>\n<ul>\n<li style=\"list-style-type: none;\">\n<ul>\n<li>Consigues confianza en ti mismo.<\/li>\n<li>Control de las emociones.<\/li>\n<li>Capacidad de resoluci\u00f3n.<\/li>\n<li>Gesti\u00f3n efectiva en el hecho.<\/li>\n<li>Manejo correcto de las situaciones. Salvar\u00e1s vidas.<\/li>\n<\/ul>\n<\/li>\n<\/ul>\n<p><strong>\u00bfC\u00f3mo es el curso?<\/strong><\/p>\n<ul>\n<li style=\"list-style-type: none;\">\n<ul>\n<li>Para grupos a partir de 15 participantes.<\/li>\n<li>Duraci\u00f3n 4\/6\/8\/10 horas, adaptable a las posibilidades del alumnado.<\/li>\n<li>Precio del curso: consultar.<\/li>\n<li>Modalidad practico\/presencial o mixto online\/presencial.<\/li>\n<\/ul>\n<\/li>\n<\/ul>\n<p><strong>\u00bfCu\u00e1l es el contenido?<\/strong><\/p>\n<ul>\n<li style=\"list-style-type: none;\">\n<ul>\n<li>Reanimaci\u00f3n cardiopulmonar (RCP).<\/li>\n<li>Control de la ansiedad.<\/li>\n<li>Cadena de supervivencia (PAS).<\/li>\n<li>Hemorragias (Incluida Epistaxis), quemaduras y cura de heridas.<\/li>\n<li>Atragantamientos en cada edad, convulsiones, epilepsias.<\/li>\n<li>Primeros auxilios en general.<\/li>\n<li>Actuaci\u00f3n ante una reacci\u00f3n al\u00e9rgica (administraci\u00f3n de adrenalina).<\/li>\n<li>Manejo de Hipoglucemias e Hiperglucemias.<\/li>\n<li>Traumatismos (TEC).<\/li>\n<li>Primeros Auxilios Pedi\u00e1tricos.<\/li>\n<li>Reglas b\u00e1sicas antes cualquier emergencia (tipos de recursos sanitarios).<\/li>\n<\/ul>\n<\/li>\n<\/ul>\n<p><strong>Formaci\u00f3n bonificada<\/strong><\/p>\n<p>Este curso se imparte a trav\u00e9s de plataforma e-learning y re\u00fane todos los requisitos necesarios para que sea 100% bonificable a trav\u00e9s de FUNDAE, con cargo al cr\u00e9dito del que dispone la empresa para la formaci\u00f3n de los trabajadores.<\/p>\n<p>Si necesitas que organicemos el curso para que sea bonificable no te olvides de indicarlo al realizar la reserva de plaza, al hacerlo se pondr\u00e1n en contacto desde la entidad organizadora, FUNDEL \u2013 Fundaci\u00f3n Europea Educaci\u00f3n y Libertad, para realizar toda la tramitaci\u00f3n con FUNDAE.<\/p>\n<\/div>\n<\/div>\n<\/div>\n<\/div>\n<\/div>\n<\/div>\n<\/div>\n<\/div>\n<\/div>\n<\/div>\n<\/div>\n<\/div>\n","protected":false},"excerpt":{"rendered":"<div id=\"1683207248.560709\" class=\"c-virtual_list__item\" tabindex=\"-1\" role=\"listitem\" aria-setsize=\"-1\" data-qa=\"virtual-list-item\" data-item-key=\"1683207248.560709\">\n<div class=\"c-message_kit__background c-message_kit__background--hovered p-message_pane_message__message c-message_kit__message\" role=\"presentation\" data-qa=\"message_container\" data-qa-unprocessed=\"false\" data-qa-placeholder=\"false\">\n<div class=\"c-message_kit__hover c-message_kit__hover--hovered\" role=\"document\" aria-roledescription=\"message\" data-qa-hover=\"true\">\n<div class=\"c-message_kit__actions c-message_kit__actions--above\">\n<div class=\"c-message_kit__gutter\">\n<div class=\"c-message_kit__gutter__right\" role=\"presentation\" data-qa=\"message_content\">\n<div class=\"c-message_kit__blocks c-message_kit__blocks--rich_text\">\n<div class=\"c-message__message_blocks c-message__message_blocks--rich_text\" data-qa=\"message-text\">\n<div class=\"p-block_kit_renderer\" data-qa=\"block-kit-renderer\">\n<div class=\"p-block_kit_renderer__block_wrapper p-block_kit_renderer__block_wrapper--first\">\n<div class=\"p-rich_text_block\" dir=\"auto\">\n<p><span style=\"color: #339966;\"><strong>PLAZAS PARA GRUPOS DE +15 PARTICIPANTES<\/strong><\/span><\/p>\n<h2>\u00abExperto en primeros auxilios para docentes\u00bb<\/h2>\n<div><\/div>\n<div class=\"p-rich_text_section\">De la mano de Educapluss lanzamos una formaci\u00f3n necesaria en cualquier centro educativo: \u00ab<strong>Experto en primeros auxilios para docentes<\/strong>\u00ab<\/div>\n<\/div>\n<\/div>\n<div><\/div>\n<div class=\"p-block_kit_renderer__block_wrapper p-block_kit_renderer__block_wrapper--first\">\n<div class=\"p-rich_text_block\" dir=\"auto\">\n<div>El objetivo es dotar a los trabajadores del centro de las herramientas necesarias para poder llevar a cabo respuestas efectivas ante cualquier adversidad o emergencia en el entorno educativo. Todo mediante la ense\u00f1anza te\u00f3rica y pr\u00e1ctica de las t\u00e9cnicas de emergencias m\u00e1s b\u00e1sicas y necesarias: los primeros auxilios. \u00bfTe animas al proyecto que est\u00e1 salvando vidas?<\/div>\n<\/div>\n<\/div>\n<\/div>\n<\/div>\n<\/div>\n<\/div>\n<\/div>\n<\/div>\n<\/div>\n<\/div>\n<\/div>\n","protected":false},"featured_media":7170,"comment_status":"open","ping_status":"closed","template":"","meta":{"content-type":"","sfsi_plus_gutenberg_text_before_share":"","sfsi_plus_gutenberg_show_text_before_share":"","sfsi_plus_gutenberg_icon_type":"","sfsi_plus_gutenberg_icon_alignemt":"","sfsi_plus_gutenburg_max_per_row":"","site-sidebar-layout":"default","site-content-layout":"default","ast-site-content-layout":"default","site-content-style":"default","site-sidebar-style":"default","ast-global-header-display":"","ast-banner-title-visibility":"","ast-main-header-display":"","ast-hfb-above-header-display":"","ast-hfb-below-header-display":"","ast-hfb-mobile-header-display":"","site-post-title":"","ast-breadcrumbs-content":"","ast-featured-img":"","footer-sml-layout":"","theme-transparent-header-meta":"default","adv-header-id-meta":"","stick-header-meta":"","header-above-stick-meta":"","header-main-stick-meta":"","header-below-stick-meta":"","astra-migrate-meta-layouts":"set"},"product_brand":[],"product_cat":[139],"product_tag":[222],"class_list":{"0":"post-6445","1":"product","2":"type-product","3":"status-publish","4":"has-post-thumbnail","6":"product_cat-formacion","7":"product_tag-pedagogia","8":"desktop-align-left","9":"tablet-align-left","10":"mobile-align-left","12":"first","13":"instock","14":"virtual","15":"purchasable","16":"product-type-simple"},"yoast_head":"<!-- This site is optimized with the Yoast SEO plugin v26.9 - https:\/\/yoast.com\/product\/yoast-seo-wordpress\/ -->\n<title>Formaci\u00f3n: &quot;Experto en primeros auxilios para docentes&quot;<\/title>\n<meta name=\"description\" content=\"Formaci\u00f3n en primeros auxilios para docentes y conducta PAS (Proteger, Alertar, y Socorrer)Para una comunidad Educativa m\u00e1s segura. \u00bfQuieres salvar vidas?\" \/>\n<meta name=\"robots\" content=\"index, follow, max-snippet:-1, max-image-preview:large, max-video-preview:-1\" \/>\n<link rel=\"canonical\" href=\"https:\/\/www.micole.net\/blog\/producto\/formacion-experto-primeros-auxilios-docentes-colegios-pas\/\" \/>\n<meta property=\"og:locale\" content=\"es_ES\" \/>\n<meta property=\"og:type\" content=\"article\" \/>\n<meta property=\"og:title\" content=\"Formaci\u00f3n: &quot;Experto en primeros auxilios para docentes&quot;\" \/>\n<meta property=\"og:description\" content=\"Formaci\u00f3n en primeros auxilios para docentes y conducta PAS (Proteger, Alertar, y Socorrer)Para una comunidad Educativa m\u00e1s segura. \u00bfQuieres salvar vidas?\" \/>\n<meta property=\"og:url\" content=\"https:\/\/www.micole.net\/blog\/producto\/formacion-experto-primeros-auxilios-docentes-colegios-pas\/\" \/>\n<meta property=\"og:site_name\" content=\"Blog Micole\" \/>\n<meta property=\"article:publisher\" content=\"https:\/\/www.facebook.com\/micoleoficial\/\" \/>\n<meta property=\"article:modified_time\" content=\"2026-03-02T15:55:05+00:00\" \/>\n<meta property=\"og:image\" content=\"https:\/\/www.micole.net\/blog\/wp-content\/uploads\/2024\/05\/Educaplus-1.png\" \/>\n\t<meta property=\"og:image:width\" content=\"1080\" \/>\n\t<meta property=\"og:image:height\" content=\"1080\" \/>\n\t<meta property=\"og:image:type\" content=\"image\/png\" \/>\n<meta name=\"twitter:card\" content=\"summary_large_image\" \/>\n<meta name=\"twitter:label1\" content=\"Tiempo de lectura\" \/>\n\t<meta name=\"twitter:data1\" content=\"2 minutos\" \/>\n<script type=\"application\/ld+json\" class=\"yoast-schema-graph\">{\"@context\":\"https:\/\/schema.org\",\"@graph\":[{\"@type\":\"WebPage\",\"@id\":\"https:\/\/www.micole.net\/blog\/producto\/formacion-experto-primeros-auxilios-docentes-colegios-pas\/\",\"url\":\"https:\/\/www.micole.net\/blog\/producto\/formacion-experto-primeros-auxilios-docentes-colegios-pas\/\",\"name\":\"Formaci\u00f3n: \\\"Experto en primeros auxilios para docentes\\\"\",\"isPartOf\":{\"@id\":\"https:\/\/www.micole.net\/blog\/#website\"},\"primaryImageOfPage\":{\"@id\":\"https:\/\/www.micole.net\/blog\/producto\/formacion-experto-primeros-auxilios-docentes-colegios-pas\/#primaryimage\"},\"image\":{\"@id\":\"https:\/\/www.micole.net\/blog\/producto\/formacion-experto-primeros-auxilios-docentes-colegios-pas\/#primaryimage\"},\"thumbnailUrl\":\"https:\/\/www.micole.net\/blog\/wp-content\/uploads\/2024\/05\/Educaplus-1.png\",\"datePublished\":\"2024-05-30T09:02:09+00:00\",\"dateModified\":\"2026-03-02T15:55:05+00:00\",\"description\":\"Formaci\u00f3n en primeros auxilios para docentes y conducta PAS (Proteger, Alertar, y Socorrer)Para una comunidad Educativa m\u00e1s segura. \u00bfQuieres salvar vidas?\",\"breadcrumb\":{\"@id\":\"https:\/\/www.micole.net\/blog\/producto\/formacion-experto-primeros-auxilios-docentes-colegios-pas\/#breadcrumb\"},\"inLanguage\":\"es\",\"potentialAction\":[{\"@type\":\"ReadAction\",\"target\":[\"https:\/\/www.micole.net\/blog\/producto\/formacion-experto-primeros-auxilios-docentes-colegios-pas\/\"]}]},{\"@type\":\"ImageObject\",\"inLanguage\":\"es\",\"@id\":\"https:\/\/www.micole.net\/blog\/producto\/formacion-experto-primeros-auxilios-docentes-colegios-pas\/#primaryimage\",\"url\":\"https:\/\/www.micole.net\/blog\/wp-content\/uploads\/2024\/05\/Educaplus-1.png\",\"contentUrl\":\"https:\/\/www.micole.net\/blog\/wp-content\/uploads\/2024\/05\/Educaplus-1.png\",\"width\":1080,\"height\":1080},{\"@type\":\"BreadcrumbList\",\"@id\":\"https:\/\/www.micole.net\/blog\/producto\/formacion-experto-primeros-auxilios-docentes-colegios-pas\/#breadcrumb\",\"itemListElement\":[{\"@type\":\"ListItem\",\"position\":1,\"name\":\"Portada\",\"item\":\"https:\/\/www.micole.net\/blog\/\"},{\"@type\":\"ListItem\",\"position\":2,\"name\":\"Tienda\",\"item\":\"https:\/\/www.micole.net\/blog\/tienda\/\"},{\"@type\":\"ListItem\",\"position\":3,\"name\":\"Formaci\u00f3n: &#8220;Experto en Primeros Auxilios para docentes&#8221;\"}]},{\"@type\":\"WebSite\",\"@id\":\"https:\/\/www.micole.net\/blog\/#website\",\"url\":\"https:\/\/www.micole.net\/blog\/\",\"name\":\"Blog Micole\",\"description\":\"En el Blog de Micole encontrar\u00e1s contenido y recursos relacionados con la educaci\u00f3n y la crianza de los hijos\",\"publisher\":{\"@id\":\"https:\/\/www.micole.net\/blog\/#organization\"},\"potentialAction\":[{\"@type\":\"SearchAction\",\"target\":{\"@type\":\"EntryPoint\",\"urlTemplate\":\"https:\/\/www.micole.net\/blog\/?s={search_term_string}\"},\"query-input\":{\"@type\":\"PropertyValueSpecification\",\"valueRequired\":true,\"valueName\":\"search_term_string\"}}],\"inLanguage\":\"es\"},{\"@type\":\"Organization\",\"@id\":\"https:\/\/www.micole.net\/blog\/#organization\",\"name\":\"Micole\",\"url\":\"https:\/\/www.micole.net\/blog\/\",\"logo\":{\"@type\":\"ImageObject\",\"inLanguage\":\"es\",\"@id\":\"https:\/\/www.micole.net\/blog\/#\/schema\/logo\/image\/\",\"url\":\"https:\/\/www.micole.net\/blog\/wp-content\/uploads\/2019\/12\/logo.png\",\"contentUrl\":\"https:\/\/www.micole.net\/blog\/wp-content\/uploads\/2019\/12\/logo.png\",\"width\":1200,\"height\":1200,\"caption\":\"Micole\"},\"image\":{\"@id\":\"https:\/\/www.micole.net\/blog\/#\/schema\/logo\/image\/\"},\"sameAs\":[\"https:\/\/www.facebook.com\/micoleoficial\/\",\"https:\/\/www.instagram.com\/micoleoficial\/\"]}]}<\/script>\n<!-- \/ Yoast SEO plugin. -->","yoast_head_json":{"title":"Formaci\u00f3n: \"Experto en primeros auxilios para docentes\"","description":"Formaci\u00f3n en primeros auxilios para docentes y conducta PAS (Proteger, Alertar, y Socorrer)Para una comunidad Educativa m\u00e1s segura. \u00bfQuieres salvar vidas?","robots":{"index":"index","follow":"follow","max-snippet":"max-snippet:-1","max-image-preview":"max-image-preview:large","max-video-preview":"max-video-preview:-1"},"canonical":"https:\/\/www.micole.net\/blog\/producto\/formacion-experto-primeros-auxilios-docentes-colegios-pas\/","og_locale":"es_ES","og_type":"article","og_title":"Formaci\u00f3n: \"Experto en primeros auxilios para docentes\"","og_description":"Formaci\u00f3n en primeros auxilios para docentes y conducta PAS (Proteger, Alertar, y Socorrer)Para una comunidad Educativa m\u00e1s segura. \u00bfQuieres salvar vidas?","og_url":"https:\/\/www.micole.net\/blog\/producto\/formacion-experto-primeros-auxilios-docentes-colegios-pas\/","og_site_name":"Blog Micole","article_publisher":"https:\/\/www.facebook.com\/micoleoficial\/","article_modified_time":"2026-03-02T15:55:05+00:00","og_image":[{"width":1080,"height":1080,"url":"https:\/\/www.micole.net\/blog\/wp-content\/uploads\/2024\/05\/Educaplus-1.png","type":"image\/png"}],"twitter_card":"summary_large_image","twitter_misc":{"Tiempo de lectura":"2 minutos"},"schema":{"@context":"https:\/\/schema.org","@graph":[{"@type":"WebPage","@id":"https:\/\/www.micole.net\/blog\/producto\/formacion-experto-primeros-auxilios-docentes-colegios-pas\/","url":"https:\/\/www.micole.net\/blog\/producto\/formacion-experto-primeros-auxilios-docentes-colegios-pas\/","name":"Formaci\u00f3n: \"Experto en primeros auxilios para docentes\"","isPartOf":{"@id":"https:\/\/www.micole.net\/blog\/#website"},"primaryImageOfPage":{"@id":"https:\/\/www.micole.net\/blog\/producto\/formacion-experto-primeros-auxilios-docentes-colegios-pas\/#primaryimage"},"image":{"@id":"https:\/\/www.micole.net\/blog\/producto\/formacion-experto-primeros-auxilios-docentes-colegios-pas\/#primaryimage"},"thumbnailUrl":"https:\/\/www.micole.net\/blog\/wp-content\/uploads\/2024\/05\/Educaplus-1.png","datePublished":"2024-05-30T09:02:09+00:00","dateModified":"2026-03-02T15:55:05+00:00","description":"Formaci\u00f3n en primeros auxilios para docentes y conducta PAS (Proteger, Alertar, y Socorrer)Para una comunidad Educativa m\u00e1s segura. \u00bfQuieres salvar vidas?","breadcrumb":{"@id":"https:\/\/www.micole.net\/blog\/producto\/formacion-experto-primeros-auxilios-docentes-colegios-pas\/#breadcrumb"},"inLanguage":"es","potentialAction":[{"@type":"ReadAction","target":["https:\/\/www.micole.net\/blog\/producto\/formacion-experto-primeros-auxilios-docentes-colegios-pas\/"]}]},{"@type":"ImageObject","inLanguage":"es","@id":"https:\/\/www.micole.net\/blog\/producto\/formacion-experto-primeros-auxilios-docentes-colegios-pas\/#primaryimage","url":"https:\/\/www.micole.net\/blog\/wp-content\/uploads\/2024\/05\/Educaplus-1.png","contentUrl":"https:\/\/www.micole.net\/blog\/wp-content\/uploads\/2024\/05\/Educaplus-1.png","width":1080,"height":1080},{"@type":"BreadcrumbList","@id":"https:\/\/www.micole.net\/blog\/producto\/formacion-experto-primeros-auxilios-docentes-colegios-pas\/#breadcrumb","itemListElement":[{"@type":"ListItem","position":1,"name":"Portada","item":"https:\/\/www.micole.net\/blog\/"},{"@type":"ListItem","position":2,"name":"Tienda","item":"https:\/\/www.micole.net\/blog\/tienda\/"},{"@type":"ListItem","position":3,"name":"Formaci\u00f3n: &#8220;Experto en Primeros Auxilios para docentes&#8221;"}]},{"@type":"WebSite","@id":"https:\/\/www.micole.net\/blog\/#website","url":"https:\/\/www.micole.net\/blog\/","name":"Blog Micole","description":"En el Blog de Micole encontrar\u00e1s contenido y recursos relacionados con la educaci\u00f3n y la crianza de los hijos","publisher":{"@id":"https:\/\/www.micole.net\/blog\/#organization"},"potentialAction":[{"@type":"SearchAction","target":{"@type":"EntryPoint","urlTemplate":"https:\/\/www.micole.net\/blog\/?s={search_term_string}"},"query-input":{"@type":"PropertyValueSpecification","valueRequired":true,"valueName":"search_term_string"}}],"inLanguage":"es"},{"@type":"Organization","@id":"https:\/\/www.micole.net\/blog\/#organization","name":"Micole","url":"https:\/\/www.micole.net\/blog\/","logo":{"@type":"ImageObject","inLanguage":"es","@id":"https:\/\/www.micole.net\/blog\/#\/schema\/logo\/image\/","url":"https:\/\/www.micole.net\/blog\/wp-content\/uploads\/2019\/12\/logo.png","contentUrl":"https:\/\/www.micole.net\/blog\/wp-content\/uploads\/2019\/12\/logo.png","width":1200,"height":1200,"caption":"Micole"},"image":{"@id":"https:\/\/www.micole.net\/blog\/#\/schema\/logo\/image\/"},"sameAs":["https:\/\/www.facebook.com\/micoleoficial\/","https:\/\/www.instagram.com\/micoleoficial\/"]}]}},"_links":{"self":[{"href":"https:\/\/www.micole.net\/blog\/wp-json\/wp\/v2\/product\/6445","targetHints":{"allow":["GET"]}}],"collection":[{"href":"https:\/\/www.micole.net\/blog\/wp-json\/wp\/v2\/product"}],"about":[{"href":"https:\/\/www.micole.net\/blog\/wp-json\/wp\/v2\/types\/product"}],"replies":[{"embeddable":true,"href":"https:\/\/www.micole.net\/blog\/wp-json\/wp\/v2\/comments?post=6445"}],"wp:featuredmedia":[{"embeddable":true,"href":"https:\/\/www.micole.net\/blog\/wp-json\/wp\/v2\/media\/7170"}],"wp:attachment":[{"href":"https:\/\/www.micole.net\/blog\/wp-json\/wp\/v2\/media?parent=6445"}],"wp:term":[{"taxonomy":"product_brand","embeddable":true,"href":"https:\/\/www.micole.net\/blog\/wp-json\/wp\/v2\/product_brand?post=6445"},{"taxonomy":"product_cat","embeddable":true,"href":"https:\/\/www.micole.net\/blog\/wp-json\/wp\/v2\/product_cat?post=6445"},{"taxonomy":"product_tag","embeddable":true,"href":"https:\/\/www.micole.net\/blog\/wp-json\/wp\/v2\/product_tag?post=6445"}],"curies":[{"name":"wp","href":"https:\/\/api.w.org\/{rel}","templated":true}]}}