{"id":4142,"date":"2023-08-23T19:07:50","date_gmt":"2023-08-23T17:07:50","guid":{"rendered":"https:\/\/www.micole.net\/blog\/?post_type=product&#038;p=4142"},"modified":"2025-07-08T17:42:24","modified_gmt":"2025-07-08T15:42:24","slug":"asesoramiento-personalizado-platinum","status":"publish","type":"product","link":"https:\/\/www.micole.net\/blog\/producto\/asesoramiento-personalizado-platinum\/","title":{"rendered":"Asesoramiento Personalizado Platinum"},"content":{"rendered":"<p><img decoding=\"async\" class=\"emoji\" role=\"img\" draggable=\"false\" src=\"https:\/\/s.w.org\/images\/core\/emoji\/14.0.0\/svg\/1f449-1f3fb.svg\" alt=\"\ud83d\udc49\ud83c\udffb\" \/> Sabemos que elegir entre cientos de colegios no es f\u00e1cil, por eso lanzamos nuestro servicio de asesoramiento 100% personalizado para ayudarte a encontrar tu colegio ideal.<\/p>\n<p><img decoding=\"async\" class=\"emoji\" role=\"img\" draggable=\"false\" src=\"https:\/\/s.w.org\/images\/core\/emoji\/14.0.0\/svg\/1f4f2.svg\" alt=\"\ud83d\udcf2\" \/> A trav\u00e9s de videoconferencia, nuestro equipo de expertos entender\u00e1 tus necesidades y responder\u00e1 tus dudas.<\/p>\n<p>\ud83d\udccdAyuda en la b\u00fasqueda de zona de residencia con oferta escolar acorde a las preferencias de la familia.<\/p>\n<p>\ud83e\udd1d Ayuda en la gesti\u00f3n de las visitas y consultas al centro, as\u00ed como en el proceso de matriculaci\u00f3n.<\/p>\n<p><strong><img decoding=\"async\" class=\"emoji\" role=\"img\" draggable=\"false\" src=\"https:\/\/s.w.org\/images\/core\/emoji\/14.0.0\/svg\/1f4ca.svg\" alt=\"\ud83d\udcca\" \/><\/strong> Realizaremos un an\u00e1lisis para recomendarte las zonas de residencia y centros m\u00e1s afines.<\/p>\n<p><img decoding=\"async\" class=\"emoji\" role=\"img\" draggable=\"false\" src=\"https:\/\/s.w.org\/images\/core\/emoji\/14.0.0\/svg\/2705.svg\" alt=\"\u2705\" \/> Reserva tu cita y desconecta, nosotros nos encargamos del resto.<\/p>\n<p>&nbsp;<\/p>\n<p>&nbsp;<\/p>\n","protected":false},"excerpt":{"rendered":"<p><strong>Este servicio incluye:<\/strong><\/p>\n<ul>\n<li>2 llamadas de 1h de duraci\u00f3n aproximada con nuestro expertos<\/li>\n<li>An\u00e1lisis y recomendaci\u00f3n de zona de residencia y centros 100% personalizada<\/li>\n<li>Acompa\u00f1amiento en el proceso de solicitud de informaci\u00f3n a los centros (m\u00e1ximo de 20 centros)<\/li>\n<li>Asistencia en la programaci\u00f3n de visitas presenciales \/ virtuales con el centro<\/li>\n<li>Asistencia en el proceso de matriculaci\u00f3n<\/li>\n<\/ul>\n","protected":false},"featured_media":6013,"comment_status":"open","ping_status":"closed","template":"","meta":{"content-type":"","sfsi_plus_gutenberg_text_before_share":"","sfsi_plus_gutenberg_show_text_before_share":"","sfsi_plus_gutenberg_icon_type":"","sfsi_plus_gutenberg_icon_alignemt":"","sfsi_plus_gutenburg_max_per_row":"","site-sidebar-layout":"default","site-content-layout":"default","ast-site-content-layout":"default","site-content-style":"default","site-sidebar-style":"default","ast-global-header-display":"","ast-banner-title-visibility":"","ast-main-header-display":"","ast-hfb-above-header-display":"","ast-hfb-below-header-display":"","ast-hfb-mobile-header-display":"","site-post-title":"","ast-breadcrumbs-content":"","ast-featured-img":"","footer-sml-layout":"","theme-transparent-header-meta":"default","adv-header-id-meta":"","stick-header-meta":"","header-above-stick-meta":"","header-main-stick-meta":"","header-below-stick-meta":"","astra-migrate-meta-layouts":"set"},"product_brand":[],"product_cat":[133],"product_tag":[],"class_list":{"0":"post-4142","1":"product","2":"type-product","3":"status-publish","4":"has-post-thumbnail","6":"product_cat-asesoramiento","7":"desktop-align-left","8":"tablet-align-left","9":"mobile-align-left","11":"first","12":"instock","13":"downloadable","14":"virtual","15":"sold-individually","16":"taxable","17":"purchasable","18":"product-type-simple"},"yoast_head":"<!-- This site is optimized with the Yoast SEO plugin v26.9 - https:\/\/yoast.com\/product\/yoast-seo-wordpress\/ -->\n<title>Asesoramiento Personalizado Platinum - Blog Micole<\/title>\n<meta name=\"robots\" content=\"index, follow, max-snippet:-1, max-image-preview:large, max-video-preview:-1\" \/>\n<link rel=\"canonical\" href=\"https:\/\/www.micole.net\/blog\/producto\/asesoramiento-personalizado-platinum\/\" \/>\n<meta property=\"og:locale\" content=\"es_ES\" \/>\n<meta property=\"og:type\" content=\"article\" \/>\n<meta property=\"og:title\" content=\"Asesoramiento Personalizado Platinum - Blog Micole\" \/>\n<meta property=\"og:description\" content=\"Este servicio incluye:   2 llamadas de 1h de duraci\u00f3n aproximada con nuestro expertos  An\u00e1lisis y recomendaci\u00f3n de zona de residencia y centros 100% personalizada  Acompa\u00f1amiento en el proceso de solicitud de informaci\u00f3n a los centros (m\u00e1ximo de 20 centros)  Asistencia en la programaci\u00f3n de visitas presenciales \/ virtuales con el centro  Asistencia en el proceso de matriculaci\u00f3n\" \/>\n<meta property=\"og:url\" content=\"https:\/\/www.micole.net\/blog\/producto\/asesoramiento-personalizado-platinum\/\" \/>\n<meta property=\"og:site_name\" content=\"Blog Micole\" \/>\n<meta property=\"article:publisher\" content=\"https:\/\/www.facebook.com\/micoleoficial\/\" \/>\n<meta property=\"article:modified_time\" content=\"2025-07-08T15:42:24+00:00\" \/>\n<meta property=\"og:image\" content=\"https:\/\/www.micole.net\/blog\/wp-content\/uploads\/2023\/08\/Asesoramiento-perzonalizado-platinum.webp\" \/>\n\t<meta property=\"og:image:width\" content=\"556\" \/>\n\t<meta property=\"og:image:height\" content=\"386\" \/>\n\t<meta property=\"og:image:type\" content=\"image\/webp\" \/>\n<meta name=\"twitter:card\" content=\"summary_large_image\" \/>\n<meta name=\"twitter:label1\" content=\"Tiempo de lectura\" \/>\n\t<meta name=\"twitter:data1\" content=\"2 minutos\" \/>\n<script type=\"application\/ld+json\" class=\"yoast-schema-graph\">{\"@context\":\"https:\/\/schema.org\",\"@graph\":[{\"@type\":\"WebPage\",\"@id\":\"https:\/\/www.micole.net\/blog\/producto\/asesoramiento-personalizado-platinum\/\",\"url\":\"https:\/\/www.micole.net\/blog\/producto\/asesoramiento-personalizado-platinum\/\",\"name\":\"Asesoramiento Personalizado Platinum - Blog Micole\",\"isPartOf\":{\"@id\":\"https:\/\/www.micole.net\/blog\/#website\"},\"primaryImageOfPage\":{\"@id\":\"https:\/\/www.micole.net\/blog\/producto\/asesoramiento-personalizado-platinum\/#primaryimage\"},\"image\":{\"@id\":\"https:\/\/www.micole.net\/blog\/producto\/asesoramiento-personalizado-platinum\/#primaryimage\"},\"thumbnailUrl\":\"https:\/\/www.micole.net\/blog\/wp-content\/uploads\/2023\/08\/Asesoramiento-perzonalizado-platinum.webp\",\"datePublished\":\"2023-08-23T17:07:50+00:00\",\"dateModified\":\"2025-07-08T15:42:24+00:00\",\"breadcrumb\":{\"@id\":\"https:\/\/www.micole.net\/blog\/producto\/asesoramiento-personalizado-platinum\/#breadcrumb\"},\"inLanguage\":\"es\",\"potentialAction\":[{\"@type\":\"ReadAction\",\"target\":[\"https:\/\/www.micole.net\/blog\/producto\/asesoramiento-personalizado-platinum\/\"]}]},{\"@type\":\"ImageObject\",\"inLanguage\":\"es\",\"@id\":\"https:\/\/www.micole.net\/blog\/producto\/asesoramiento-personalizado-platinum\/#primaryimage\",\"url\":\"https:\/\/www.micole.net\/blog\/wp-content\/uploads\/2023\/08\/Asesoramiento-perzonalizado-platinum.webp\",\"contentUrl\":\"https:\/\/www.micole.net\/blog\/wp-content\/uploads\/2023\/08\/Asesoramiento-perzonalizado-platinum.webp\",\"width\":556,\"height\":386},{\"@type\":\"BreadcrumbList\",\"@id\":\"https:\/\/www.micole.net\/blog\/producto\/asesoramiento-personalizado-platinum\/#breadcrumb\",\"itemListElement\":[{\"@type\":\"ListItem\",\"position\":1,\"name\":\"Portada\",\"item\":\"https:\/\/www.micole.net\/blog\/\"},{\"@type\":\"ListItem\",\"position\":2,\"name\":\"Tienda\",\"item\":\"https:\/\/www.micole.net\/blog\/tienda\/\"},{\"@type\":\"ListItem\",\"position\":3,\"name\":\"Asesoramiento Personalizado Platinum\"}]},{\"@type\":\"WebSite\",\"@id\":\"https:\/\/www.micole.net\/blog\/#website\",\"url\":\"https:\/\/www.micole.net\/blog\/\",\"name\":\"Blog Micole\",\"description\":\"En el Blog de Micole encontrar\u00e1s contenido y recursos relacionados con la educaci\u00f3n y la crianza de los hijos\",\"publisher\":{\"@id\":\"https:\/\/www.micole.net\/blog\/#organization\"},\"potentialAction\":[{\"@type\":\"SearchAction\",\"target\":{\"@type\":\"EntryPoint\",\"urlTemplate\":\"https:\/\/www.micole.net\/blog\/?s={search_term_string}\"},\"query-input\":{\"@type\":\"PropertyValueSpecification\",\"valueRequired\":true,\"valueName\":\"search_term_string\"}}],\"inLanguage\":\"es\"},{\"@type\":\"Organization\",\"@id\":\"https:\/\/www.micole.net\/blog\/#organization\",\"name\":\"Micole\",\"url\":\"https:\/\/www.micole.net\/blog\/\",\"logo\":{\"@type\":\"ImageObject\",\"inLanguage\":\"es\",\"@id\":\"https:\/\/www.micole.net\/blog\/#\/schema\/logo\/image\/\",\"url\":\"https:\/\/www.micole.net\/blog\/wp-content\/uploads\/2019\/12\/logo.png\",\"contentUrl\":\"https:\/\/www.micole.net\/blog\/wp-content\/uploads\/2019\/12\/logo.png\",\"width\":1200,\"height\":1200,\"caption\":\"Micole\"},\"image\":{\"@id\":\"https:\/\/www.micole.net\/blog\/#\/schema\/logo\/image\/\"},\"sameAs\":[\"https:\/\/www.facebook.com\/micoleoficial\/\",\"https:\/\/www.instagram.com\/micoleoficial\/\"]}]}<\/script>\n<!-- \/ Yoast SEO plugin. -->","yoast_head_json":{"title":"Asesoramiento Personalizado Platinum - Blog Micole","robots":{"index":"index","follow":"follow","max-snippet":"max-snippet:-1","max-image-preview":"max-image-preview:large","max-video-preview":"max-video-preview:-1"},"canonical":"https:\/\/www.micole.net\/blog\/producto\/asesoramiento-personalizado-platinum\/","og_locale":"es_ES","og_type":"article","og_title":"Asesoramiento Personalizado Platinum - Blog Micole","og_description":"Este servicio incluye:   2 llamadas de 1h de duraci\u00f3n aproximada con nuestro expertos  An\u00e1lisis y recomendaci\u00f3n de zona de residencia y centros 100% personalizada  Acompa\u00f1amiento en el proceso de solicitud de informaci\u00f3n a los centros (m\u00e1ximo de 20 centros)  Asistencia en la programaci\u00f3n de visitas presenciales \/ virtuales con el centro  Asistencia en el proceso de matriculaci\u00f3n","og_url":"https:\/\/www.micole.net\/blog\/producto\/asesoramiento-personalizado-platinum\/","og_site_name":"Blog Micole","article_publisher":"https:\/\/www.facebook.com\/micoleoficial\/","article_modified_time":"2025-07-08T15:42:24+00:00","og_image":[{"width":556,"height":386,"url":"https:\/\/www.micole.net\/blog\/wp-content\/uploads\/2023\/08\/Asesoramiento-perzonalizado-platinum.webp","type":"image\/webp"}],"twitter_card":"summary_large_image","twitter_misc":{"Tiempo de lectura":"2 minutos"},"schema":{"@context":"https:\/\/schema.org","@graph":[{"@type":"WebPage","@id":"https:\/\/www.micole.net\/blog\/producto\/asesoramiento-personalizado-platinum\/","url":"https:\/\/www.micole.net\/blog\/producto\/asesoramiento-personalizado-platinum\/","name":"Asesoramiento Personalizado Platinum - Blog Micole","isPartOf":{"@id":"https:\/\/www.micole.net\/blog\/#website"},"primaryImageOfPage":{"@id":"https:\/\/www.micole.net\/blog\/producto\/asesoramiento-personalizado-platinum\/#primaryimage"},"image":{"@id":"https:\/\/www.micole.net\/blog\/producto\/asesoramiento-personalizado-platinum\/#primaryimage"},"thumbnailUrl":"https:\/\/www.micole.net\/blog\/wp-content\/uploads\/2023\/08\/Asesoramiento-perzonalizado-platinum.webp","datePublished":"2023-08-23T17:07:50+00:00","dateModified":"2025-07-08T15:42:24+00:00","breadcrumb":{"@id":"https:\/\/www.micole.net\/blog\/producto\/asesoramiento-personalizado-platinum\/#breadcrumb"},"inLanguage":"es","potentialAction":[{"@type":"ReadAction","target":["https:\/\/www.micole.net\/blog\/producto\/asesoramiento-personalizado-platinum\/"]}]},{"@type":"ImageObject","inLanguage":"es","@id":"https:\/\/www.micole.net\/blog\/producto\/asesoramiento-personalizado-platinum\/#primaryimage","url":"https:\/\/www.micole.net\/blog\/wp-content\/uploads\/2023\/08\/Asesoramiento-perzonalizado-platinum.webp","contentUrl":"https:\/\/www.micole.net\/blog\/wp-content\/uploads\/2023\/08\/Asesoramiento-perzonalizado-platinum.webp","width":556,"height":386},{"@type":"BreadcrumbList","@id":"https:\/\/www.micole.net\/blog\/producto\/asesoramiento-personalizado-platinum\/#breadcrumb","itemListElement":[{"@type":"ListItem","position":1,"name":"Portada","item":"https:\/\/www.micole.net\/blog\/"},{"@type":"ListItem","position":2,"name":"Tienda","item":"https:\/\/www.micole.net\/blog\/tienda\/"},{"@type":"ListItem","position":3,"name":"Asesoramiento Personalizado Platinum"}]},{"@type":"WebSite","@id":"https:\/\/www.micole.net\/blog\/#website","url":"https:\/\/www.micole.net\/blog\/","name":"Blog Micole","description":"En el Blog de Micole encontrar\u00e1s contenido y recursos relacionados con la educaci\u00f3n y la crianza de los hijos","publisher":{"@id":"https:\/\/www.micole.net\/blog\/#organization"},"potentialAction":[{"@type":"SearchAction","target":{"@type":"EntryPoint","urlTemplate":"https:\/\/www.micole.net\/blog\/?s={search_term_string}"},"query-input":{"@type":"PropertyValueSpecification","valueRequired":true,"valueName":"search_term_string"}}],"inLanguage":"es"},{"@type":"Organization","@id":"https:\/\/www.micole.net\/blog\/#organization","name":"Micole","url":"https:\/\/www.micole.net\/blog\/","logo":{"@type":"ImageObject","inLanguage":"es","@id":"https:\/\/www.micole.net\/blog\/#\/schema\/logo\/image\/","url":"https:\/\/www.micole.net\/blog\/wp-content\/uploads\/2019\/12\/logo.png","contentUrl":"https:\/\/www.micole.net\/blog\/wp-content\/uploads\/2019\/12\/logo.png","width":1200,"height":1200,"caption":"Micole"},"image":{"@id":"https:\/\/www.micole.net\/blog\/#\/schema\/logo\/image\/"},"sameAs":["https:\/\/www.facebook.com\/micoleoficial\/","https:\/\/www.instagram.com\/micoleoficial\/"]}]}},"_links":{"self":[{"href":"https:\/\/www.micole.net\/blog\/wp-json\/wp\/v2\/product\/4142","targetHints":{"allow":["GET"]}}],"collection":[{"href":"https:\/\/www.micole.net\/blog\/wp-json\/wp\/v2\/product"}],"about":[{"href":"https:\/\/www.micole.net\/blog\/wp-json\/wp\/v2\/types\/product"}],"replies":[{"embeddable":true,"href":"https:\/\/www.micole.net\/blog\/wp-json\/wp\/v2\/comments?post=4142"}],"wp:featuredmedia":[{"embeddable":true,"href":"https:\/\/www.micole.net\/blog\/wp-json\/wp\/v2\/media\/6013"}],"wp:attachment":[{"href":"https:\/\/www.micole.net\/blog\/wp-json\/wp\/v2\/media?parent=4142"}],"wp:term":[{"taxonomy":"product_brand","embeddable":true,"href":"https:\/\/www.micole.net\/blog\/wp-json\/wp\/v2\/product_brand?post=4142"},{"taxonomy":"product_cat","embeddable":true,"href":"https:\/\/www.micole.net\/blog\/wp-json\/wp\/v2\/product_cat?post=4142"},{"taxonomy":"product_tag","embeddable":true,"href":"https:\/\/www.micole.net\/blog\/wp-json\/wp\/v2\/product_tag?post=4142"}],"curies":[{"name":"wp","href":"https:\/\/api.w.org\/{rel}","templated":true}]}}