{"id":2636,"date":"2022-09-08T18:44:14","date_gmt":"2022-09-08T16:44:14","guid":{"rendered":"https:\/\/www.micole.net\/blog\/producto\/album-3\/"},"modified":"2026-04-15T17:13:39","modified_gmt":"2026-04-15T15:13:39","slug":"kit-herramientas-busqueda-colegio","status":"publish","type":"product","link":"https:\/\/www.micole.net\/blog\/producto\/kit-herramientas-busqueda-colegio\/","title":{"rendered":"Kit Herramientas b\u00fasqueda de colegio"},"content":{"rendered":"<p>En Espa\u00f1a hay 30.000 colegios, cada uno con sus particularidades, valores, proyecto educativo y, para nosotros, los padres, el momento de elegir colegio se convierte en un aut\u00e9ntico quebradero de cabeza. No es para menos, ya que nuestros hijos, lo que m\u00e1s queremos en este mundo,\u00a0<strong>van a pasar en el colegio que elijamos 8 horas al d\u00eda, durante 5 d\u00edas a la semana, durante 10 meses al a\u00f1o durante los 15 a\u00f1os m\u00e1s importantes en su formaci\u00f3n como personas.<\/strong><\/p>\n<p>Micole es el buscador de colegios l\u00edder en Espa\u00f1a en el que m\u00e1s de 2,5 millones de usuarios cada a\u00f1o buscan, comparan y contactan con el colegio ideal para sus hijos. Nuestro querido proyecto nace de una necesidad como la que tienes t\u00fa ahora mismo: uno de nuestros fundadores ten\u00eda que buscar colegio y estaba hecho un mar de dudas: \u00bfp\u00fablico, concertado o privado?, \u00bfidiomas?, \u00bfatenci\u00f3n a la diversidad?, \u00bfinstalaciones?, \u00bfactividades extraescolares?\u2026<\/p>\n<p>Queremos darte la enhorabuena porque si has llegado hasta aqu\u00ed es porque realmente te preocupas de la educaci\u00f3n de tus hijos, y eso ya es un motivo de orgullo y celebraci\u00f3n\u00a0\ud83e\udd73<\/p>\n<p>Hemos preparado con mucho cari\u00f1o y dedicaci\u00f3n el \u201c<strong>Kit Definitivo para buscar colegio<\/strong>\u201d que nos hubiese encantado tener cuando nos toc\u00f3 buscar a nosotros, esperamos que te resulte \u00fatil y te damos las gracias de todo coraz\u00f3n por la confianza depositada en Micole para acompa\u00f1arte en tan importante decisi\u00f3n.<\/p>\n","protected":false},"excerpt":{"rendered":"<p>Consigue la gu\u00eda definitiva para la b\u00fasqueda de colegio. Incluye:<\/p>\n<ul>\n<li>Preguntas y reflexiones que debemos hacernos<\/li>\n<li>Proceso de b\u00fasqueda paso a paso<\/li>\n<li>Plantillas para recopilar informaci\u00f3n de cada centro<\/li>\n<li>Informaci\u00f3n de inter\u00e9s sobre los procesos de matr\u00edcula en funci\u00f3n del tipo de centro y Comunidad Aut\u00f3noma<\/li>\n<li>Herramienta con c\u00e1lculo autom\u00e1tico para priorizar los colegios seleccionados<\/li>\n<\/ul>\n","protected":false},"featured_media":2393,"comment_status":"open","ping_status":"closed","template":"","meta":{"content-type":"","sfsi_plus_gutenberg_text_before_share":"","sfsi_plus_gutenberg_show_text_before_share":"","sfsi_plus_gutenberg_icon_type":"","sfsi_plus_gutenberg_icon_alignemt":"","sfsi_plus_gutenburg_max_per_row":"","site-sidebar-layout":"default","site-content-layout":"default","ast-site-content-layout":"default","site-content-style":"default","site-sidebar-style":"default","ast-global-header-display":"","ast-banner-title-visibility":"","ast-main-header-display":"","ast-hfb-above-header-display":"","ast-hfb-below-header-display":"","ast-hfb-mobile-header-display":"","site-post-title":"","ast-breadcrumbs-content":"","ast-featured-img":"","footer-sml-layout":"","theme-transparent-header-meta":"default","adv-header-id-meta":"","stick-header-meta":"","header-above-stick-meta":"","header-main-stick-meta":"","header-below-stick-meta":"","astra-migrate-meta-layouts":"set"},"product_brand":[],"product_cat":[135],"product_tag":[],"class_list":{"0":"post-2636","1":"product","2":"type-product","3":"status-publish","4":"has-post-thumbnail","6":"product_cat-herramientas","7":"desktop-align-left","8":"tablet-align-left","9":"mobile-align-left","11":"first","12":"instock","13":"sale","14":"downloadable","15":"sold-individually","16":"taxable","17":"shipping-taxable","18":"purchasable","19":"product-type-simple"},"yoast_head":"<!-- This site is optimized with the Yoast SEO plugin v26.9 - https:\/\/yoast.com\/product\/yoast-seo-wordpress\/ -->\n<title>Kit Herramientas b\u00fasqueda de colegio - Blog Micole<\/title>\n<meta name=\"robots\" content=\"index, follow, max-snippet:-1, max-image-preview:large, max-video-preview:-1\" \/>\n<link rel=\"canonical\" href=\"https:\/\/www.micole.net\/blog\/producto\/kit-herramientas-busqueda-colegio\/\" \/>\n<meta property=\"og:locale\" content=\"es_ES\" \/>\n<meta property=\"og:type\" content=\"article\" \/>\n<meta property=\"og:title\" content=\"Kit Herramientas b\u00fasqueda de colegio - Blog Micole\" \/>\n<meta property=\"og:description\" content=\"Consigue la gu\u00eda definitiva para la b\u00fasqueda de colegio. Incluye:   Preguntas y reflexiones que debemos hacernos  Proceso de b\u00fasqueda paso a paso  Plantillas para recopilar informaci\u00f3n de cada centro  Informaci\u00f3n de inter\u00e9s sobre los procesos de matr\u00edcula en funci\u00f3n del tipo de centro y Comunidad Aut\u00f3noma  Herramienta con c\u00e1lculo autom\u00e1tico para priorizar los colegios seleccionados\" \/>\n<meta property=\"og:url\" content=\"https:\/\/www.micole.net\/blog\/producto\/kit-herramientas-busqueda-colegio\/\" \/>\n<meta property=\"og:site_name\" content=\"Blog Micole\" \/>\n<meta property=\"article:publisher\" content=\"https:\/\/www.facebook.com\/micoleoficial\/\" \/>\n<meta property=\"article:modified_time\" content=\"2026-04-15T15:13:39+00:00\" \/>\n<meta property=\"og:image\" content=\"https:\/\/www.micole.net\/blog\/wp-content\/uploads\/2022\/07\/foto_kit_asesoramiento_1.jpg\" \/>\n\t<meta property=\"og:image:width\" content=\"2500\" \/>\n\t<meta property=\"og:image:height\" content=\"1750\" \/>\n\t<meta property=\"og:image:type\" content=\"image\/jpeg\" \/>\n<meta name=\"twitter:card\" content=\"summary_large_image\" \/>\n<meta name=\"twitter:label1\" content=\"Tiempo de lectura\" \/>\n\t<meta name=\"twitter:data1\" content=\"2 minutos\" \/>\n<script type=\"application\/ld+json\" class=\"yoast-schema-graph\">{\"@context\":\"https:\/\/schema.org\",\"@graph\":[{\"@type\":\"WebPage\",\"@id\":\"https:\/\/www.micole.net\/blog\/producto\/kit-herramientas-busqueda-colegio\/\",\"url\":\"https:\/\/www.micole.net\/blog\/producto\/kit-herramientas-busqueda-colegio\/\",\"name\":\"Kit Herramientas b\u00fasqueda de colegio - Blog Micole\",\"isPartOf\":{\"@id\":\"https:\/\/www.micole.net\/blog\/#website\"},\"primaryImageOfPage\":{\"@id\":\"https:\/\/www.micole.net\/blog\/producto\/kit-herramientas-busqueda-colegio\/#primaryimage\"},\"image\":{\"@id\":\"https:\/\/www.micole.net\/blog\/producto\/kit-herramientas-busqueda-colegio\/#primaryimage\"},\"thumbnailUrl\":\"https:\/\/www.micole.net\/blog\/wp-content\/uploads\/2022\/07\/foto_kit_asesoramiento_1.jpg\",\"datePublished\":\"2022-09-08T16:44:14+00:00\",\"dateModified\":\"2026-04-15T15:13:39+00:00\",\"breadcrumb\":{\"@id\":\"https:\/\/www.micole.net\/blog\/producto\/kit-herramientas-busqueda-colegio\/#breadcrumb\"},\"inLanguage\":\"es\",\"potentialAction\":[{\"@type\":\"ReadAction\",\"target\":[\"https:\/\/www.micole.net\/blog\/producto\/kit-herramientas-busqueda-colegio\/\"]}]},{\"@type\":\"ImageObject\",\"inLanguage\":\"es\",\"@id\":\"https:\/\/www.micole.net\/blog\/producto\/kit-herramientas-busqueda-colegio\/#primaryimage\",\"url\":\"https:\/\/www.micole.net\/blog\/wp-content\/uploads\/2022\/07\/foto_kit_asesoramiento_1.jpg\",\"contentUrl\":\"https:\/\/www.micole.net\/blog\/wp-content\/uploads\/2022\/07\/foto_kit_asesoramiento_1.jpg\",\"width\":2500,\"height\":1750,\"caption\":\"Kit asesoramiento\"},{\"@type\":\"BreadcrumbList\",\"@id\":\"https:\/\/www.micole.net\/blog\/producto\/kit-herramientas-busqueda-colegio\/#breadcrumb\",\"itemListElement\":[{\"@type\":\"ListItem\",\"position\":1,\"name\":\"Portada\",\"item\":\"https:\/\/www.micole.net\/blog\/\"},{\"@type\":\"ListItem\",\"position\":2,\"name\":\"Tienda\",\"item\":\"https:\/\/www.micole.net\/blog\/tienda\/\"},{\"@type\":\"ListItem\",\"position\":3,\"name\":\"Kit Herramientas b\u00fasqueda de colegio\"}]},{\"@type\":\"WebSite\",\"@id\":\"https:\/\/www.micole.net\/blog\/#website\",\"url\":\"https:\/\/www.micole.net\/blog\/\",\"name\":\"Blog Micole\",\"description\":\"En el Blog de Micole encontrar\u00e1s contenido y recursos relacionados con la educaci\u00f3n y la crianza de los hijos\",\"publisher\":{\"@id\":\"https:\/\/www.micole.net\/blog\/#organization\"},\"potentialAction\":[{\"@type\":\"SearchAction\",\"target\":{\"@type\":\"EntryPoint\",\"urlTemplate\":\"https:\/\/www.micole.net\/blog\/?s={search_term_string}\"},\"query-input\":{\"@type\":\"PropertyValueSpecification\",\"valueRequired\":true,\"valueName\":\"search_term_string\"}}],\"inLanguage\":\"es\"},{\"@type\":\"Organization\",\"@id\":\"https:\/\/www.micole.net\/blog\/#organization\",\"name\":\"Micole\",\"url\":\"https:\/\/www.micole.net\/blog\/\",\"logo\":{\"@type\":\"ImageObject\",\"inLanguage\":\"es\",\"@id\":\"https:\/\/www.micole.net\/blog\/#\/schema\/logo\/image\/\",\"url\":\"https:\/\/www.micole.net\/blog\/wp-content\/uploads\/2019\/12\/logo.png\",\"contentUrl\":\"https:\/\/www.micole.net\/blog\/wp-content\/uploads\/2019\/12\/logo.png\",\"width\":1200,\"height\":1200,\"caption\":\"Micole\"},\"image\":{\"@id\":\"https:\/\/www.micole.net\/blog\/#\/schema\/logo\/image\/\"},\"sameAs\":[\"https:\/\/www.facebook.com\/micoleoficial\/\",\"https:\/\/www.instagram.com\/micoleoficial\/\"]}]}<\/script>\n<!-- \/ Yoast SEO plugin. -->","yoast_head_json":{"title":"Kit Herramientas b\u00fasqueda de colegio - Blog Micole","robots":{"index":"index","follow":"follow","max-snippet":"max-snippet:-1","max-image-preview":"max-image-preview:large","max-video-preview":"max-video-preview:-1"},"canonical":"https:\/\/www.micole.net\/blog\/producto\/kit-herramientas-busqueda-colegio\/","og_locale":"es_ES","og_type":"article","og_title":"Kit Herramientas b\u00fasqueda de colegio - Blog Micole","og_description":"Consigue la gu\u00eda definitiva para la b\u00fasqueda de colegio. Incluye:   Preguntas y reflexiones que debemos hacernos  Proceso de b\u00fasqueda paso a paso  Plantillas para recopilar informaci\u00f3n de cada centro  Informaci\u00f3n de inter\u00e9s sobre los procesos de matr\u00edcula en funci\u00f3n del tipo de centro y Comunidad Aut\u00f3noma  Herramienta con c\u00e1lculo autom\u00e1tico para priorizar los colegios seleccionados","og_url":"https:\/\/www.micole.net\/blog\/producto\/kit-herramientas-busqueda-colegio\/","og_site_name":"Blog Micole","article_publisher":"https:\/\/www.facebook.com\/micoleoficial\/","article_modified_time":"2026-04-15T15:13:39+00:00","og_image":[{"width":2500,"height":1750,"url":"https:\/\/www.micole.net\/blog\/wp-content\/uploads\/2022\/07\/foto_kit_asesoramiento_1.jpg","type":"image\/jpeg"}],"twitter_card":"summary_large_image","twitter_misc":{"Tiempo de lectura":"2 minutos"},"schema":{"@context":"https:\/\/schema.org","@graph":[{"@type":"WebPage","@id":"https:\/\/www.micole.net\/blog\/producto\/kit-herramientas-busqueda-colegio\/","url":"https:\/\/www.micole.net\/blog\/producto\/kit-herramientas-busqueda-colegio\/","name":"Kit Herramientas b\u00fasqueda de colegio - Blog Micole","isPartOf":{"@id":"https:\/\/www.micole.net\/blog\/#website"},"primaryImageOfPage":{"@id":"https:\/\/www.micole.net\/blog\/producto\/kit-herramientas-busqueda-colegio\/#primaryimage"},"image":{"@id":"https:\/\/www.micole.net\/blog\/producto\/kit-herramientas-busqueda-colegio\/#primaryimage"},"thumbnailUrl":"https:\/\/www.micole.net\/blog\/wp-content\/uploads\/2022\/07\/foto_kit_asesoramiento_1.jpg","datePublished":"2022-09-08T16:44:14+00:00","dateModified":"2026-04-15T15:13:39+00:00","breadcrumb":{"@id":"https:\/\/www.micole.net\/blog\/producto\/kit-herramientas-busqueda-colegio\/#breadcrumb"},"inLanguage":"es","potentialAction":[{"@type":"ReadAction","target":["https:\/\/www.micole.net\/blog\/producto\/kit-herramientas-busqueda-colegio\/"]}]},{"@type":"ImageObject","inLanguage":"es","@id":"https:\/\/www.micole.net\/blog\/producto\/kit-herramientas-busqueda-colegio\/#primaryimage","url":"https:\/\/www.micole.net\/blog\/wp-content\/uploads\/2022\/07\/foto_kit_asesoramiento_1.jpg","contentUrl":"https:\/\/www.micole.net\/blog\/wp-content\/uploads\/2022\/07\/foto_kit_asesoramiento_1.jpg","width":2500,"height":1750,"caption":"Kit asesoramiento"},{"@type":"BreadcrumbList","@id":"https:\/\/www.micole.net\/blog\/producto\/kit-herramientas-busqueda-colegio\/#breadcrumb","itemListElement":[{"@type":"ListItem","position":1,"name":"Portada","item":"https:\/\/www.micole.net\/blog\/"},{"@type":"ListItem","position":2,"name":"Tienda","item":"https:\/\/www.micole.net\/blog\/tienda\/"},{"@type":"ListItem","position":3,"name":"Kit Herramientas b\u00fasqueda de colegio"}]},{"@type":"WebSite","@id":"https:\/\/www.micole.net\/blog\/#website","url":"https:\/\/www.micole.net\/blog\/","name":"Blog Micole","description":"En el Blog de Micole encontrar\u00e1s contenido y recursos relacionados con la educaci\u00f3n y la crianza de los hijos","publisher":{"@id":"https:\/\/www.micole.net\/blog\/#organization"},"potentialAction":[{"@type":"SearchAction","target":{"@type":"EntryPoint","urlTemplate":"https:\/\/www.micole.net\/blog\/?s={search_term_string}"},"query-input":{"@type":"PropertyValueSpecification","valueRequired":true,"valueName":"search_term_string"}}],"inLanguage":"es"},{"@type":"Organization","@id":"https:\/\/www.micole.net\/blog\/#organization","name":"Micole","url":"https:\/\/www.micole.net\/blog\/","logo":{"@type":"ImageObject","inLanguage":"es","@id":"https:\/\/www.micole.net\/blog\/#\/schema\/logo\/image\/","url":"https:\/\/www.micole.net\/blog\/wp-content\/uploads\/2019\/12\/logo.png","contentUrl":"https:\/\/www.micole.net\/blog\/wp-content\/uploads\/2019\/12\/logo.png","width":1200,"height":1200,"caption":"Micole"},"image":{"@id":"https:\/\/www.micole.net\/blog\/#\/schema\/logo\/image\/"},"sameAs":["https:\/\/www.facebook.com\/micoleoficial\/","https:\/\/www.instagram.com\/micoleoficial\/"]}]}},"_links":{"self":[{"href":"https:\/\/www.micole.net\/blog\/wp-json\/wp\/v2\/product\/2636","targetHints":{"allow":["GET"]}}],"collection":[{"href":"https:\/\/www.micole.net\/blog\/wp-json\/wp\/v2\/product"}],"about":[{"href":"https:\/\/www.micole.net\/blog\/wp-json\/wp\/v2\/types\/product"}],"replies":[{"embeddable":true,"href":"https:\/\/www.micole.net\/blog\/wp-json\/wp\/v2\/comments?post=2636"}],"wp:featuredmedia":[{"embeddable":true,"href":"https:\/\/www.micole.net\/blog\/wp-json\/wp\/v2\/media\/2393"}],"wp:attachment":[{"href":"https:\/\/www.micole.net\/blog\/wp-json\/wp\/v2\/media?parent=2636"}],"wp:term":[{"taxonomy":"product_brand","embeddable":true,"href":"https:\/\/www.micole.net\/blog\/wp-json\/wp\/v2\/product_brand?post=2636"},{"taxonomy":"product_cat","embeddable":true,"href":"https:\/\/www.micole.net\/blog\/wp-json\/wp\/v2\/product_cat?post=2636"},{"taxonomy":"product_tag","embeddable":true,"href":"https:\/\/www.micole.net\/blog\/wp-json\/wp\/v2\/product_tag?post=2636"}],"curies":[{"name":"wp","href":"https:\/\/api.w.org\/{rel}","templated":true}]}}