{"id":2634,"date":"2022-09-08T18:14:20","date_gmt":"2022-09-08T16:14:20","guid":{"rendered":"https:\/\/www.micole.net\/blog\/producto\/album\/"},"modified":"2025-12-17T09:34:15","modified_gmt":"2025-12-17T08:34:15","slug":"asesoramiento-personalizado-busqueda-colegio","status":"publish","type":"product","link":"https:\/\/www.micole.net\/blog\/producto\/asesoramiento-personalizado-busqueda-colegio\/","title":{"rendered":"Asesoramiento Personalizado"},"content":{"rendered":"<p><img decoding=\"async\" class=\"emoji\" role=\"img\" draggable=\"false\" src=\"https:\/\/s.w.org\/images\/core\/emoji\/14.0.0\/svg\/1f449-1f3fb.svg\" alt=\"\ud83d\udc49\ud83c\udffb\" \/>\u00a0Sabemos que elegir entre cientos de colegios no es f\u00e1cil, por eso lanzamos nuestro servicio de asesoramiento 100% personalizado para ayudarte a encontrar tu colegio ideal.<\/p>\n<p><img decoding=\"async\" class=\"emoji\" role=\"img\" draggable=\"false\" src=\"https:\/\/s.w.org\/images\/core\/emoji\/14.0.0\/svg\/1f4f2.svg\" alt=\"\ud83d\udcf2\" \/>\u00a0A trav\u00e9s de una llamada de 1h aproximada de duraci\u00f3n, nuestro equipo de expertos entender\u00e1 tus necesidades y responder\u00e1 tus dudas.<\/p>\n<p><strong><img decoding=\"async\" class=\"emoji\" role=\"img\" draggable=\"false\" src=\"https:\/\/s.w.org\/images\/core\/emoji\/14.0.0\/svg\/1f4ca.svg\" alt=\"\ud83d\udcca\" \/><\/strong> Realizaremos un an\u00e1lisis para recomendarte los centros m\u00e1s afines.<\/p>\n<p><img decoding=\"async\" class=\"emoji\" role=\"img\" draggable=\"false\" src=\"https:\/\/s.w.org\/images\/core\/emoji\/14.0.0\/svg\/2705.svg\" alt=\"\u2705\" \/>\u00a0Reserva tu cita y desconecta, nosotros nos encargamos del resto.<\/p>\n","protected":false},"excerpt":{"rendered":"<p>Deja que nuestros expertos te ayuden en la b\u00fasqueda de colegio.<\/p>\n<p>Este servicio incluye:<\/p>\n<ul>\n<li>1 llamada de 1h de duraci\u00f3n aproximada con nuestro expertos<\/li>\n<li>An\u00e1lisis y recomendaci\u00f3n de centros 100% personalizada (m\u00e1ximo de 5 centros)<\/li>\n<\/ul>\n","protected":false},"featured_media":3826,"comment_status":"open","ping_status":"closed","template":"","meta":{"content-type":"","sfsi_plus_gutenberg_text_before_share":"","sfsi_plus_gutenberg_show_text_before_share":"","sfsi_plus_gutenberg_icon_type":"","sfsi_plus_gutenberg_icon_alignemt":"","sfsi_plus_gutenburg_max_per_row":"","site-sidebar-layout":"default","site-content-layout":"default","ast-site-content-layout":"default","site-content-style":"default","site-sidebar-style":"default","ast-global-header-display":"","ast-banner-title-visibility":"","ast-main-header-display":"","ast-hfb-above-header-display":"","ast-hfb-below-header-display":"","ast-hfb-mobile-header-display":"","site-post-title":"","ast-breadcrumbs-content":"","ast-featured-img":"","footer-sml-layout":"","theme-transparent-header-meta":"default","adv-header-id-meta":"","stick-header-meta":"","header-above-stick-meta":"","header-main-stick-meta":"","header-below-stick-meta":"","astra-migrate-meta-layouts":"set"},"product_brand":[],"product_cat":[133],"product_tag":[],"class_list":{"0":"post-2634","1":"product","2":"type-product","3":"status-publish","4":"has-post-thumbnail","6":"product_cat-asesoramiento","7":"desktop-align-left","8":"tablet-align-left","9":"mobile-align-left","11":"first","12":"instock","13":"downloadable","14":"virtual","15":"sold-individually","16":"taxable","17":"purchasable","18":"product-type-simple"},"yoast_head":"<!-- This site is optimized with the Yoast SEO plugin v26.9 - https:\/\/yoast.com\/product\/yoast-seo-wordpress\/ -->\n<title>Asesoramiento Personalizado - Blog Micole<\/title>\n<meta name=\"description\" content=\"\u00bfBuscas el colegio perfecto para tu hijo? Nuestro servicio de asesoramiento personalizado pr\u00e9mium te gu\u00eda en esta importante decisi\u00f3n.\" \/>\n<meta name=\"robots\" content=\"index, follow, max-snippet:-1, max-image-preview:large, max-video-preview:-1\" \/>\n<link rel=\"canonical\" href=\"https:\/\/www.micole.net\/blog\/producto\/asesoramiento-personalizado-busqueda-colegio\/\" \/>\n<meta property=\"og:locale\" content=\"es_ES\" \/>\n<meta property=\"og:type\" content=\"article\" \/>\n<meta property=\"og:title\" content=\"Asesoramiento Personalizado - Blog Micole\" \/>\n<meta property=\"og:description\" content=\"\u00bfBuscas el colegio perfecto para tu hijo? Nuestro servicio de asesoramiento personalizado pr\u00e9mium te gu\u00eda en esta importante decisi\u00f3n.\" \/>\n<meta property=\"og:url\" content=\"https:\/\/www.micole.net\/blog\/producto\/asesoramiento-personalizado-busqueda-colegio\/\" \/>\n<meta property=\"og:site_name\" content=\"Blog Micole\" \/>\n<meta property=\"article:publisher\" content=\"https:\/\/www.facebook.com\/micoleoficial\/\" \/>\n<meta property=\"article:modified_time\" content=\"2025-12-17T08:34:15+00:00\" \/>\n<meta property=\"og:image\" content=\"https:\/\/www.micole.net\/blog\/wp-content\/uploads\/2023\/06\/Asesoramiento-perzonalizado.png\" \/>\n\t<meta property=\"og:image:width\" content=\"548\" \/>\n\t<meta property=\"og:image:height\" content=\"358\" \/>\n\t<meta property=\"og:image:type\" content=\"image\/png\" \/>\n<meta name=\"twitter:card\" content=\"summary_large_image\" \/>\n<meta name=\"twitter:label1\" content=\"Tiempo de lectura\" \/>\n\t<meta name=\"twitter:data1\" content=\"2 minutos\" \/>\n<script type=\"application\/ld+json\" class=\"yoast-schema-graph\">{\"@context\":\"https:\/\/schema.org\",\"@graph\":[{\"@type\":\"WebPage\",\"@id\":\"https:\/\/www.micole.net\/blog\/producto\/asesoramiento-personalizado-busqueda-colegio\/\",\"url\":\"https:\/\/www.micole.net\/blog\/producto\/asesoramiento-personalizado-busqueda-colegio\/\",\"name\":\"Asesoramiento Personalizado - Blog Micole\",\"isPartOf\":{\"@id\":\"https:\/\/www.micole.net\/blog\/#website\"},\"primaryImageOfPage\":{\"@id\":\"https:\/\/www.micole.net\/blog\/producto\/asesoramiento-personalizado-busqueda-colegio\/#primaryimage\"},\"image\":{\"@id\":\"https:\/\/www.micole.net\/blog\/producto\/asesoramiento-personalizado-busqueda-colegio\/#primaryimage\"},\"thumbnailUrl\":\"https:\/\/www.micole.net\/blog\/wp-content\/uploads\/2023\/06\/Asesoramiento-perzonalizado.png\",\"datePublished\":\"2022-09-08T16:14:20+00:00\",\"dateModified\":\"2025-12-17T08:34:15+00:00\",\"description\":\"\u00bfBuscas el colegio perfecto para tu hijo? Nuestro servicio de asesoramiento personalizado pr\u00e9mium te gu\u00eda en esta importante decisi\u00f3n.\",\"breadcrumb\":{\"@id\":\"https:\/\/www.micole.net\/blog\/producto\/asesoramiento-personalizado-busqueda-colegio\/#breadcrumb\"},\"inLanguage\":\"es\",\"potentialAction\":[{\"@type\":\"ReadAction\",\"target\":[\"https:\/\/www.micole.net\/blog\/producto\/asesoramiento-personalizado-busqueda-colegio\/\"]}]},{\"@type\":\"ImageObject\",\"inLanguage\":\"es\",\"@id\":\"https:\/\/www.micole.net\/blog\/producto\/asesoramiento-personalizado-busqueda-colegio\/#primaryimage\",\"url\":\"https:\/\/www.micole.net\/blog\/wp-content\/uploads\/2023\/06\/Asesoramiento-perzonalizado.png\",\"contentUrl\":\"https:\/\/www.micole.net\/blog\/wp-content\/uploads\/2023\/06\/Asesoramiento-perzonalizado.png\",\"width\":548,\"height\":358,\"caption\":\"Asesoramiento Personalizado\"},{\"@type\":\"BreadcrumbList\",\"@id\":\"https:\/\/www.micole.net\/blog\/producto\/asesoramiento-personalizado-busqueda-colegio\/#breadcrumb\",\"itemListElement\":[{\"@type\":\"ListItem\",\"position\":1,\"name\":\"Portada\",\"item\":\"https:\/\/www.micole.net\/blog\/\"},{\"@type\":\"ListItem\",\"position\":2,\"name\":\"Tienda\",\"item\":\"https:\/\/www.micole.net\/blog\/tienda\/\"},{\"@type\":\"ListItem\",\"position\":3,\"name\":\"Asesoramiento Personalizado\"}]},{\"@type\":\"WebSite\",\"@id\":\"https:\/\/www.micole.net\/blog\/#website\",\"url\":\"https:\/\/www.micole.net\/blog\/\",\"name\":\"Blog Micole\",\"description\":\"En el Blog de Micole encontrar\u00e1s contenido y recursos relacionados con la educaci\u00f3n y la crianza de los hijos\",\"publisher\":{\"@id\":\"https:\/\/www.micole.net\/blog\/#organization\"},\"potentialAction\":[{\"@type\":\"SearchAction\",\"target\":{\"@type\":\"EntryPoint\",\"urlTemplate\":\"https:\/\/www.micole.net\/blog\/?s={search_term_string}\"},\"query-input\":{\"@type\":\"PropertyValueSpecification\",\"valueRequired\":true,\"valueName\":\"search_term_string\"}}],\"inLanguage\":\"es\"},{\"@type\":\"Organization\",\"@id\":\"https:\/\/www.micole.net\/blog\/#organization\",\"name\":\"Micole\",\"url\":\"https:\/\/www.micole.net\/blog\/\",\"logo\":{\"@type\":\"ImageObject\",\"inLanguage\":\"es\",\"@id\":\"https:\/\/www.micole.net\/blog\/#\/schema\/logo\/image\/\",\"url\":\"https:\/\/www.micole.net\/blog\/wp-content\/uploads\/2019\/12\/logo.png\",\"contentUrl\":\"https:\/\/www.micole.net\/blog\/wp-content\/uploads\/2019\/12\/logo.png\",\"width\":1200,\"height\":1200,\"caption\":\"Micole\"},\"image\":{\"@id\":\"https:\/\/www.micole.net\/blog\/#\/schema\/logo\/image\/\"},\"sameAs\":[\"https:\/\/www.facebook.com\/micoleoficial\/\",\"https:\/\/www.instagram.com\/micoleoficial\/\"]}]}<\/script>\n<!-- \/ Yoast SEO plugin. -->","yoast_head_json":{"title":"Asesoramiento Personalizado - Blog Micole","description":"\u00bfBuscas el colegio perfecto para tu hijo? Nuestro servicio de asesoramiento personalizado pr\u00e9mium te gu\u00eda en esta importante decisi\u00f3n.","robots":{"index":"index","follow":"follow","max-snippet":"max-snippet:-1","max-image-preview":"max-image-preview:large","max-video-preview":"max-video-preview:-1"},"canonical":"https:\/\/www.micole.net\/blog\/producto\/asesoramiento-personalizado-busqueda-colegio\/","og_locale":"es_ES","og_type":"article","og_title":"Asesoramiento Personalizado - Blog Micole","og_description":"\u00bfBuscas el colegio perfecto para tu hijo? Nuestro servicio de asesoramiento personalizado pr\u00e9mium te gu\u00eda en esta importante decisi\u00f3n.","og_url":"https:\/\/www.micole.net\/blog\/producto\/asesoramiento-personalizado-busqueda-colegio\/","og_site_name":"Blog Micole","article_publisher":"https:\/\/www.facebook.com\/micoleoficial\/","article_modified_time":"2025-12-17T08:34:15+00:00","og_image":[{"width":548,"height":358,"url":"https:\/\/www.micole.net\/blog\/wp-content\/uploads\/2023\/06\/Asesoramiento-perzonalizado.png","type":"image\/png"}],"twitter_card":"summary_large_image","twitter_misc":{"Tiempo de lectura":"2 minutos"},"schema":{"@context":"https:\/\/schema.org","@graph":[{"@type":"WebPage","@id":"https:\/\/www.micole.net\/blog\/producto\/asesoramiento-personalizado-busqueda-colegio\/","url":"https:\/\/www.micole.net\/blog\/producto\/asesoramiento-personalizado-busqueda-colegio\/","name":"Asesoramiento Personalizado - Blog Micole","isPartOf":{"@id":"https:\/\/www.micole.net\/blog\/#website"},"primaryImageOfPage":{"@id":"https:\/\/www.micole.net\/blog\/producto\/asesoramiento-personalizado-busqueda-colegio\/#primaryimage"},"image":{"@id":"https:\/\/www.micole.net\/blog\/producto\/asesoramiento-personalizado-busqueda-colegio\/#primaryimage"},"thumbnailUrl":"https:\/\/www.micole.net\/blog\/wp-content\/uploads\/2023\/06\/Asesoramiento-perzonalizado.png","datePublished":"2022-09-08T16:14:20+00:00","dateModified":"2025-12-17T08:34:15+00:00","description":"\u00bfBuscas el colegio perfecto para tu hijo? Nuestro servicio de asesoramiento personalizado pr\u00e9mium te gu\u00eda en esta importante decisi\u00f3n.","breadcrumb":{"@id":"https:\/\/www.micole.net\/blog\/producto\/asesoramiento-personalizado-busqueda-colegio\/#breadcrumb"},"inLanguage":"es","potentialAction":[{"@type":"ReadAction","target":["https:\/\/www.micole.net\/blog\/producto\/asesoramiento-personalizado-busqueda-colegio\/"]}]},{"@type":"ImageObject","inLanguage":"es","@id":"https:\/\/www.micole.net\/blog\/producto\/asesoramiento-personalizado-busqueda-colegio\/#primaryimage","url":"https:\/\/www.micole.net\/blog\/wp-content\/uploads\/2023\/06\/Asesoramiento-perzonalizado.png","contentUrl":"https:\/\/www.micole.net\/blog\/wp-content\/uploads\/2023\/06\/Asesoramiento-perzonalizado.png","width":548,"height":358,"caption":"Asesoramiento Personalizado"},{"@type":"BreadcrumbList","@id":"https:\/\/www.micole.net\/blog\/producto\/asesoramiento-personalizado-busqueda-colegio\/#breadcrumb","itemListElement":[{"@type":"ListItem","position":1,"name":"Portada","item":"https:\/\/www.micole.net\/blog\/"},{"@type":"ListItem","position":2,"name":"Tienda","item":"https:\/\/www.micole.net\/blog\/tienda\/"},{"@type":"ListItem","position":3,"name":"Asesoramiento Personalizado"}]},{"@type":"WebSite","@id":"https:\/\/www.micole.net\/blog\/#website","url":"https:\/\/www.micole.net\/blog\/","name":"Blog Micole","description":"En el Blog de Micole encontrar\u00e1s contenido y recursos relacionados con la educaci\u00f3n y la crianza de los hijos","publisher":{"@id":"https:\/\/www.micole.net\/blog\/#organization"},"potentialAction":[{"@type":"SearchAction","target":{"@type":"EntryPoint","urlTemplate":"https:\/\/www.micole.net\/blog\/?s={search_term_string}"},"query-input":{"@type":"PropertyValueSpecification","valueRequired":true,"valueName":"search_term_string"}}],"inLanguage":"es"},{"@type":"Organization","@id":"https:\/\/www.micole.net\/blog\/#organization","name":"Micole","url":"https:\/\/www.micole.net\/blog\/","logo":{"@type":"ImageObject","inLanguage":"es","@id":"https:\/\/www.micole.net\/blog\/#\/schema\/logo\/image\/","url":"https:\/\/www.micole.net\/blog\/wp-content\/uploads\/2019\/12\/logo.png","contentUrl":"https:\/\/www.micole.net\/blog\/wp-content\/uploads\/2019\/12\/logo.png","width":1200,"height":1200,"caption":"Micole"},"image":{"@id":"https:\/\/www.micole.net\/blog\/#\/schema\/logo\/image\/"},"sameAs":["https:\/\/www.facebook.com\/micoleoficial\/","https:\/\/www.instagram.com\/micoleoficial\/"]}]}},"_links":{"self":[{"href":"https:\/\/www.micole.net\/blog\/wp-json\/wp\/v2\/product\/2634","targetHints":{"allow":["GET"]}}],"collection":[{"href":"https:\/\/www.micole.net\/blog\/wp-json\/wp\/v2\/product"}],"about":[{"href":"https:\/\/www.micole.net\/blog\/wp-json\/wp\/v2\/types\/product"}],"replies":[{"embeddable":true,"href":"https:\/\/www.micole.net\/blog\/wp-json\/wp\/v2\/comments?post=2634"}],"wp:featuredmedia":[{"embeddable":true,"href":"https:\/\/www.micole.net\/blog\/wp-json\/wp\/v2\/media\/3826"}],"wp:attachment":[{"href":"https:\/\/www.micole.net\/blog\/wp-json\/wp\/v2\/media?parent=2634"}],"wp:term":[{"taxonomy":"product_brand","embeddable":true,"href":"https:\/\/www.micole.net\/blog\/wp-json\/wp\/v2\/product_brand?post=2634"},{"taxonomy":"product_cat","embeddable":true,"href":"https:\/\/www.micole.net\/blog\/wp-json\/wp\/v2\/product_cat?post=2634"},{"taxonomy":"product_tag","embeddable":true,"href":"https:\/\/www.micole.net\/blog\/wp-json\/wp\/v2\/product_tag?post=2634"}],"curies":[{"name":"wp","href":"https:\/\/api.w.org\/{rel}","templated":true}]}}